{"id":4004,"date":"2024-11-12T14:04:47","date_gmt":"2024-11-12T13:04:47","guid":{"rendered":"https:\/\/dknopartners.com\/?page_id=4004"},"modified":"2025-11-07T15:13:46","modified_gmt":"2025-11-07T14:13:46","slug":"kontakt","status":"publish","type":"page","link":"https:\/\/dknopartners.com\/en\/kontakt\/","title":{"rendered":"Contact us"},"content":{"rendered":"<div data-elementor-type=\"wp-page\" data-elementor-id=\"4004\" class=\"elementor elementor-4004\">\n\t\t\t\t<div class=\"elementor-element elementor-element-be38619 e-con-full e-flex e-con e-parent\" data-id=\"be38619\" data-element_type=\"container\" data-e-type=\"container\" data-settings=\"{&quot;background_background&quot;:&quot;classic&quot;}\">\n\t\t<div class=\"elementor-element elementor-element-fa35bdd e-con-full e-flex e-con e-child\" data-id=\"fa35bdd\" data-element_type=\"container\" data-e-type=\"container\" data-settings=\"{&quot;background_background&quot;:&quot;classic&quot;}\">\n\t\t\t\t<div class=\"elementor-element elementor-element-bd100bf elementor-widget elementor-widget-heading\" data-id=\"bd100bf\" data-element_type=\"widget\" data-e-type=\"widget\" data-widget_type=\"heading.default\">\n\t\t\t\t<div class=\"elementor-widget-container\">\n\t\t\t\t\t<h1 class=\"elementor-heading-title elementor-size-default\">Contact us<\/h1>\t\t\t\t<\/div>\n\t\t\t\t<\/div>\n\t\t\t\t<div class=\"elementor-element elementor-element-5dc4e63 elementor-widget elementor-widget-heading\" data-id=\"5dc4e63\" data-element_type=\"widget\" data-e-type=\"widget\" data-widget_type=\"heading.default\">\n\t\t\t\t<div class=\"elementor-widget-container\">\n\t\t\t\t\t<h2 class=\"elementor-heading-title elementor-size-default\">Book a no-obligation call today<\/h2>\t\t\t\t<\/div>\n\t\t\t\t<\/div>\n\t\t\t\t<div class=\"elementor-element elementor-element-13f8e9e elementor-widget__width-initial elementor-widget-mobile__width-initial elementor-widget elementor-widget-text-editor\" data-id=\"13f8e9e\" data-element_type=\"widget\" data-e-type=\"widget\" data-widget_type=\"text-editor.default\">\n\t\t\t\t<div class=\"elementor-widget-container\">\n\t\t\t\t\t\t\t\t\t<p>Contact us today to find out more about how we can help you and your business succeed in a new market.<\/p>\t\t\t\t\t\t\t\t<\/div>\n\t\t\t\t<\/div>\n\t\t\t\t<div class=\"elementor-element elementor-element-637c805 elementor-widget elementor-widget-button\" data-id=\"637c805\" data-element_type=\"widget\" data-e-type=\"widget\" data-widget_type=\"button.default\">\n\t\t\t\t<div class=\"elementor-widget-container\">\n\t\t\t\t\t\t\t\t\t<div class=\"elementor-button-wrapper\">\n\t\t\t\t\t<a class=\"elementor-button elementor-button-link elementor-size-sm elementor-animation-shrink\" href=\"#\">\n\t\t\t\t\t\t<span class=\"elementor-button-content-wrapper\">\n\t\t\t\t\t\t\t\t\t<span class=\"elementor-button-text\">Contact us<\/span>\n\t\t\t\t\t<\/span>\n\t\t\t\t\t<\/a>\n\t\t\t\t<\/div>\n\t\t\t\t\t\t\t\t<\/div>\n\t\t\t\t<\/div>\n\t\t\t\t<\/div>\n\t\t<div class=\"elementor-element elementor-element-2441a4a e-con-full e-flex e-con e-child\" data-id=\"2441a4a\" data-element_type=\"container\" data-e-type=\"container\">\n\t\t\t\t<\/div>\n\t\t\t\t<\/div>\n\t\t<div class=\"elementor-element elementor-element-e086e51 e-flex e-con-boxed e-con e-parent\" data-id=\"e086e51\" data-element_type=\"container\" data-e-type=\"container\">\n\t\t\t\t\t<div class=\"e-con-inner\">\n\t\t<div class=\"elementor-element elementor-element-ae2a9d9 e-con-full e-flex e-con e-child\" data-id=\"ae2a9d9\" data-element_type=\"container\" data-e-type=\"container\" data-settings=\"{&quot;background_background&quot;:&quot;classic&quot;}\">\n\t\t\t\t<div class=\"elementor-element elementor-element-dd12e4f elementor-widget elementor-widget-heading\" data-id=\"dd12e4f\" data-element_type=\"widget\" data-e-type=\"widget\" data-widget_type=\"heading.default\">\n\t\t\t\t<div class=\"elementor-widget-container\">\n\t\t\t\t\t<h2 class=\"elementor-heading-title elementor-size-default\">Need an overview of your options?<\/h2>\t\t\t\t<\/div>\n\t\t\t\t<\/div>\n\t\t\t\t<div class=\"elementor-element elementor-element-3957e76 elementor-widget elementor-widget-text-editor\" data-id=\"3957e76\" data-element_type=\"widget\" data-e-type=\"widget\" data-widget_type=\"text-editor.default\">\n\t\t\t\t<div class=\"elementor-widget-container\">\n\t\t\t\t\t\t\t\t\t<p>For any business, navigating the rules of business operations can be a challenge. Whether you're an established business or a start-up, ensuring full regulatory compliance and optimising your processes is crucial. At DKNO Partners, we offer specialised advice and support so you can focus on your core business while we take care of your administrative and regulatory obligations.<\/p>\t\t\t\t\t\t\t\t<\/div>\n\t\t\t\t<\/div>\n\t\t\t\t<\/div>\n\t\t<div class=\"elementor-element elementor-element-0148325 e-con-full e-flex e-con e-child\" data-id=\"0148325\" data-element_type=\"container\" data-e-type=\"container\" data-settings=\"{&quot;background_background&quot;:&quot;classic&quot;}\">\n\t\t\t\t<\/div>\n\t\t<div class=\"elementor-element elementor-element-6290590 e-con-full e-flex e-con e-child\" data-id=\"6290590\" data-element_type=\"container\" data-e-type=\"container\" data-settings=\"{&quot;background_background&quot;:&quot;classic&quot;}\">\n\t\t\t\t<div class=\"elementor-element elementor-element-758f482 elementor-widget elementor-widget-heading\" data-id=\"758f482\" data-element_type=\"widget\" data-e-type=\"widget\" data-widget_type=\"heading.default\">\n\t\t\t\t<div class=\"elementor-widget-container\">\n\t\t\t\t\t<h2 class=\"elementor-heading-title elementor-size-default\">Drop by for a no-obligation chat<\/h2>\t\t\t\t<\/div>\n\t\t\t\t<\/div>\n\t\t\t\t<div class=\"elementor-element elementor-element-daa869b elementor-widget elementor-widget-text-editor\" data-id=\"daa869b\" data-element_type=\"widget\" data-e-type=\"widget\" data-widget_type=\"text-editor.default\">\n\t\t\t\t<div class=\"elementor-widget-container\">\n\t\t\t\t\t\t\t\t\t<p>DKNO Partners has offices at Frilandsvej 111, 9800 Hj\u00f8rring, Denmark.<\/p><p>It's a shared office space where many companies benefit from each other's sparring in daily operations and networking.<\/p><p>We welcome your company for a cup of coffee to see how we can contribute to your business operations in the Norwegian and Danish markets.<\/p><p><a href=\"https:\/\/dknopartners.com\/en\/kontaktformular-2\/\"><strong>Contact us today<\/strong><\/a>\u00a0for a non-binding conversation!<\/p>\t\t\t\t\t\t\t\t<\/div>\n\t\t\t\t<\/div>\n\t\t\t\t<\/div>\n\t\t\t\t\t<\/div>\n\t\t\t\t<\/div>\n\t\t<div class=\"elementor-element elementor-element-8f0a632 e-flex e-con-boxed e-con e-parent\" data-id=\"8f0a632\" data-element_type=\"container\" data-e-type=\"container\">\n\t\t\t\t\t<div class=\"e-con-inner\">\n\t\t\t\t<div class=\"elementor-element elementor-element-4c5e8a1 elementor-widget elementor-widget-heading\" data-id=\"4c5e8a1\" data-element_type=\"widget\" data-e-type=\"widget\" data-widget_type=\"heading.default\">\n\t\t\t\t<div class=\"elementor-widget-container\">\n\t\t\t\t\t<h2 class=\"elementor-heading-title elementor-size-default\">Meet your DKNO Partners<\/h2>\t\t\t\t<\/div>\n\t\t\t\t<\/div>\n\t\t\t\t\t<\/div>\n\t\t\t\t<\/div>\n\t\t<div class=\"elementor-element elementor-element-8e6a2bc e-flex e-con-boxed e-con e-parent\" data-id=\"8e6a2bc\" data-element_type=\"container\" data-e-type=\"container\">\n\t\t\t\t\t<div class=\"e-con-inner\">\n\t\t<div class=\"elementor-element elementor-element-54871c0 e-con-full e-flex e-con e-child\" data-id=\"54871c0\" data-element_type=\"container\" data-e-type=\"container\">\n\t\t\t\t<div class=\"elementor-element elementor-element-d57b081 elementor-widget elementor-widget-image\" data-id=\"d57b081\" data-element_type=\"widget\" data-e-type=\"widget\" data-widget_type=\"image.default\">\n\t\t\t\t<div class=\"elementor-widget-container\">\n\t\t\t\t\t\t\t\t\t\t\t\t\t\t\t<img fetchpriority=\"high\" decoding=\"async\" width=\"250\" height=\"250\" src=\"https:\/\/dknopartners.com\/wp-content\/uploads\/2024\/11\/Eli_Kontaktside.jpg\" class=\"attachment-large size-large wp-image-4014\" alt=\"a woman wearing glasses and smiling\" srcset=\"https:\/\/dknopartners.com\/wp-content\/uploads\/2024\/11\/Eli_Kontaktside-66x66.jpg 66w, https:\/\/dknopartners.com\/wp-content\/uploads\/2024\/11\/Eli_Kontaktside-150x150.jpg 150w, https:\/\/dknopartners.com\/wp-content\/uploads\/2024\/11\/Eli_Kontaktside-200x200.jpg 200w, https:\/\/dknopartners.com\/wp-content\/uploads\/2024\/11\/Eli_Kontaktside.jpg 250w\" sizes=\"(max-width: 250px) 100vw, 250px\" \/>\t\t\t\t\t\t\t\t\t\t\t\t\t\t\t<\/div>\n\t\t\t\t<\/div>\n\t\t\t\t<div class=\"elementor-element elementor-element-aca3390 elementor-widget elementor-widget-heading\" data-id=\"aca3390\" data-element_type=\"widget\" data-e-type=\"widget\" data-widget_type=\"heading.default\">\n\t\t\t\t<div class=\"elementor-widget-container\">\n\t\t\t\t\t<h2 class=\"elementor-heading-title elementor-size-default\">Eli Mandt R\u00f8mer<\/h2>\t\t\t\t<\/div>\n\t\t\t\t<\/div>\n\t\t\t\t<div class=\"elementor-element elementor-element-a2ca975 elementor-widget elementor-widget-text-editor\" data-id=\"a2ca975\" data-element_type=\"widget\" data-e-type=\"widget\" data-widget_type=\"text-editor.default\">\n\t\t\t\t<div class=\"elementor-widget-container\">\n\t\t\t\t\t\t\t\t\t<p>CEO<br \/><a href=\"mailto:emr@dknopartners.com\">emr@dknopartners.com<\/a><br \/><a href=\"tlf:+4551258783\">+45 51 25 87 83<\/a><\/p>\t\t\t\t\t\t\t\t<\/div>\n\t\t\t\t<\/div>\n\t\t\t\t<\/div>\n\t\t<div class=\"elementor-element elementor-element-71568ea e-con-full e-flex e-con e-child\" data-id=\"71568ea\" data-element_type=\"container\" data-e-type=\"container\">\n\t\t\t\t<div class=\"elementor-element elementor-element-a5997cd elementor-widget elementor-widget-image\" data-id=\"a5997cd\" data-element_type=\"widget\" data-e-type=\"widget\" data-widget_type=\"image.default\">\n\t\t\t\t<div class=\"elementor-widget-container\">\n\t\t\t\t\t\t\t\t\t\t\t\t\t\t\t<img decoding=\"async\" width=\"250\" height=\"250\" src=\"https:\/\/dknopartners.com\/wp-content\/uploads\/2024\/11\/Martin_Kontakt.jpg\" class=\"attachment-large size-large wp-image-4018\" alt=\"a man in a grey shirt\" srcset=\"https:\/\/dknopartners.com\/wp-content\/uploads\/2024\/11\/Martin_Kontakt-66x66.jpg 66w, https:\/\/dknopartners.com\/wp-content\/uploads\/2024\/11\/Martin_Kontakt-150x150.jpg 150w, https:\/\/dknopartners.com\/wp-content\/uploads\/2024\/11\/Martin_Kontakt-200x200.jpg 200w, https:\/\/dknopartners.com\/wp-content\/uploads\/2024\/11\/Martin_Kontakt.jpg 250w\" sizes=\"(max-width: 250px) 100vw, 250px\" loading=\"lazy\" \/>\t\t\t\t\t\t\t\t\t\t\t\t\t\t\t<\/div>\n\t\t\t\t<\/div>\n\t\t\t\t<div class=\"elementor-element elementor-element-633eb4c elementor-widget elementor-widget-heading\" data-id=\"633eb4c\" data-element_type=\"widget\" data-e-type=\"widget\" data-widget_type=\"heading.default\">\n\t\t\t\t<div class=\"elementor-widget-container\">\n\t\t\t\t\t<h2 class=\"elementor-heading-title elementor-size-default\">Martin \u00d8bo S\u00f8rensen<\/h2>\t\t\t\t<\/div>\n\t\t\t\t<\/div>\n\t\t\t\t<div class=\"elementor-element elementor-element-0669148 elementor-widget elementor-widget-text-editor\" data-id=\"0669148\" data-element_type=\"widget\" data-e-type=\"widget\" data-widget_type=\"text-editor.default\">\n\t\t\t\t<div class=\"elementor-widget-container\">\n\t\t\t\t\t\t\t\t\t<p>Text and Translation<\/p>\t\t\t\t\t\t\t\t<\/div>\n\t\t\t\t<\/div>\n\t\t\t\t<\/div>\n\t\t<div class=\"elementor-element elementor-element-f45739e e-con-full e-flex e-con e-child\" data-id=\"f45739e\" data-element_type=\"container\" data-e-type=\"container\">\n\t\t\t\t<div class=\"elementor-element elementor-element-424bb33 elementor-widget elementor-widget-image\" data-id=\"424bb33\" data-element_type=\"widget\" data-e-type=\"widget\" data-widget_type=\"image.default\">\n\t\t\t\t<div class=\"elementor-widget-container\">\n\t\t\t\t\t\t\t\t\t\t\t\t\t\t\t<img decoding=\"async\" width=\"250\" height=\"250\" src=\"https:\/\/dknopartners.com\/wp-content\/uploads\/2024\/11\/Karianne_Kontakt.jpg\" class=\"attachment-large size-large wp-image-4016\" alt=\"a woman with short hair wearing glasses\" srcset=\"https:\/\/dknopartners.com\/wp-content\/uploads\/2024\/11\/Karianne_Kontakt-66x66.jpg 66w, https:\/\/dknopartners.com\/wp-content\/uploads\/2024\/11\/Karianne_Kontakt-150x150.jpg 150w, https:\/\/dknopartners.com\/wp-content\/uploads\/2024\/11\/Karianne_Kontakt-200x200.jpg 200w, https:\/\/dknopartners.com\/wp-content\/uploads\/2024\/11\/Karianne_Kontakt.jpg 250w\" sizes=\"(max-width: 250px) 100vw, 250px\" loading=\"lazy\" \/>\t\t\t\t\t\t\t\t\t\t\t\t\t\t\t<\/div>\n\t\t\t\t<\/div>\n\t\t\t\t<div class=\"elementor-element elementor-element-152a9f1 elementor-widget elementor-widget-heading\" data-id=\"152a9f1\" data-element_type=\"widget\" data-e-type=\"widget\" data-widget_type=\"heading.default\">\n\t\t\t\t<div class=\"elementor-widget-container\">\n\t\t\t\t\t<h2 class=\"elementor-heading-title elementor-size-default\">Karianne Gulbrandsen<\/h2>\t\t\t\t<\/div>\n\t\t\t\t<\/div>\n\t\t\t\t<div class=\"elementor-element elementor-element-8e841b1 elementor-widget elementor-widget-text-editor\" data-id=\"8e841b1\" data-element_type=\"widget\" data-e-type=\"widget\" data-widget_type=\"text-editor.default\">\n\t\t\t\t<div class=\"elementor-widget-container\">\n\t\t\t\t\t\t\t\t\t<p>Design<\/p>\t\t\t\t\t\t\t\t<\/div>\n\t\t\t\t<\/div>\n\t\t\t\t<\/div>\n\t\t<div class=\"elementor-element elementor-element-7f7f34c e-con-full e-flex e-con e-child\" data-id=\"7f7f34c\" data-element_type=\"container\" data-e-type=\"container\">\n\t\t\t\t<div class=\"elementor-element elementor-element-96eda51 elementor-widget elementor-widget-image\" data-id=\"96eda51\" data-element_type=\"widget\" data-e-type=\"widget\" data-widget_type=\"image.default\">\n\t\t\t\t<div class=\"elementor-widget-container\">\n\t\t\t\t\t\t\t\t\t\t\t\t\t\t\t<img loading=\"lazy\" decoding=\"async\" width=\"250\" height=\"250\" src=\"https:\/\/dknopartners.com\/wp-content\/uploads\/2024\/11\/ManglerBillede_Kontakt.jpg\" class=\"attachment-large size-large wp-image-4017\" alt=\"Mangler billede placeholder\" srcset=\"https:\/\/dknopartners.com\/wp-content\/uploads\/2024\/11\/ManglerBillede_Kontakt-66x66.jpg 66w, https:\/\/dknopartners.com\/wp-content\/uploads\/2024\/11\/ManglerBillede_Kontakt-150x150.jpg 150w, https:\/\/dknopartners.com\/wp-content\/uploads\/2024\/11\/ManglerBillede_Kontakt-200x200.jpg 200w, https:\/\/dknopartners.com\/wp-content\/uploads\/2024\/11\/ManglerBillede_Kontakt.jpg 250w\" sizes=\"(max-width: 250px) 100vw, 250px\" \/>\t\t\t\t\t\t\t\t\t\t\t\t\t\t\t<\/div>\n\t\t\t\t<\/div>\n\t\t\t\t<div class=\"elementor-element elementor-element-157495a elementor-widget elementor-widget-heading\" data-id=\"157495a\" data-element_type=\"widget\" data-e-type=\"widget\" data-widget_type=\"heading.default\">\n\t\t\t\t<div class=\"elementor-widget-container\">\n\t\t\t\t\t<h2 class=\"elementor-heading-title elementor-size-default\">Ole Morten Alstad<\/h2>\t\t\t\t<\/div>\n\t\t\t\t<\/div>\n\t\t\t\t<div class=\"elementor-element elementor-element-f7c9581 elementor-widget elementor-widget-text-editor\" data-id=\"f7c9581\" data-element_type=\"widget\" data-e-type=\"widget\" data-widget_type=\"text-editor.default\">\n\t\t\t\t<div class=\"elementor-widget-container\">\n\t\t\t\t\t\t\t\t\t<p>Technology and web development<\/p>\t\t\t\t\t\t\t\t<\/div>\n\t\t\t\t<\/div>\n\t\t\t\t<\/div>\n\t\t\t\t\t<\/div>\n\t\t\t\t<\/div>\n\t\t<div class=\"elementor-element elementor-element-7d680d4 e-flex e-con-boxed e-con e-parent\" data-id=\"7d680d4\" data-element_type=\"container\" data-e-type=\"container\">\n\t\t\t\t\t<div class=\"e-con-inner\">\n\t\t\t\t<div class=\"elementor-element elementor-element-3bff6ed elementor-widget elementor-widget-heading\" data-id=\"3bff6ed\" data-element_type=\"widget\" data-e-type=\"widget\" data-widget_type=\"heading.default\">\n\t\t\t\t<div class=\"elementor-widget-container\">\n\t\t\t\t\t<h2 class=\"elementor-heading-title elementor-size-default\">Networks in Norway and Denmark<\/h2>\t\t\t\t<\/div>\n\t\t\t\t<\/div>\n\t\t\t\t<div class=\"elementor-element elementor-element-46ffb00 elementor-widget elementor-widget-text-editor\" data-id=\"46ffb00\" data-element_type=\"widget\" data-e-type=\"widget\" data-widget_type=\"text-editor.default\">\n\t\t\t\t<div class=\"elementor-widget-container\">\n\t\t\t\t\t\t\t\t\t<p>Eli R\u00f8mer started his own consultancy in 2013 with a focus on helping Danish companies enter the Norwegian market and Norwegian companies enter the Danish market.<\/p><p>After many years as a sales manager in the travel industry in the Norwegian market, Eli has built a strong network in Norway. With this extensive experience and our broad network, DKNO Partners today stands as a solid and reliable contact for the Norwegian market.<\/p><p>Today, we have an extensive network that meets the diverse needs of businesses. Our business model delivers economical and efficient solutions to our customers. We offer both standardised task solutions and tailor-made solutions, adapted to the company's specific needs.<\/p><p>We have extensive insight into how to navigate and start up in different markets. In addition, we work with business centres and local business offices throughout Denmark.<\/p>\t\t\t\t\t\t\t\t<\/div>\n\t\t\t\t<\/div>\n\t\t\t\t<div class=\"elementor-element elementor-element-b162819 elementor-widget elementor-widget-heading\" data-id=\"b162819\" data-element_type=\"widget\" data-e-type=\"widget\" data-widget_type=\"heading.default\">\n\t\t\t\t<div class=\"elementor-widget-container\">\n\t\t\t\t\t<h2 class=\"elementor-heading-title elementor-size-default\">Getting started<\/h2>\t\t\t\t<\/div>\n\t\t\t\t<\/div>\n\t\t\t\t<div class=\"elementor-element elementor-element-0ba595f elementor-widget elementor-widget-text-editor\" data-id=\"0ba595f\" data-element_type=\"widget\" data-e-type=\"widget\" data-widget_type=\"text-editor.default\">\n\t\t\t\t<div class=\"elementor-widget-container\">\n\t\t\t\t\t\t\t\t\t<p>We help open network doors in both Norway and Denmark and handle the registration of Norwegian domains and company forms. We also handle necessary licences, including Norwegian CPR number and HSE cards. With our extensive understanding of the market, cultural nuances and specific requirements, we ensure your business has a smooth start-up. We offer solutions for payment systems used in the Norwegian market, documentation for Tryg E-commerce, freight solutions and warehousing. Our expertise in VAT and tax, as well as market analyses, gives you the best starting point for success.<\/p>\t\t\t\t\t\t\t\t<\/div>\n\t\t\t\t<\/div>\n\t\t\t\t<div class=\"elementor-element elementor-element-0c969fd elementor-widget elementor-widget-heading\" data-id=\"0c969fd\" data-element_type=\"widget\" data-e-type=\"widget\" data-widget_type=\"heading.default\">\n\t\t\t\t<div class=\"elementor-widget-container\">\n\t\t\t\t\t<h2 class=\"elementor-heading-title elementor-size-default\">Sales and marketing<\/h2>\t\t\t\t<\/div>\n\t\t\t\t<\/div>\n\t\t\t\t<div class=\"elementor-element elementor-element-4a6042d elementor-widget elementor-widget-text-editor\" data-id=\"4a6042d\" data-element_type=\"widget\" data-e-type=\"widget\" data-widget_type=\"text-editor.default\">\n\t\t\t\t<div class=\"elementor-widget-container\">\n\t\t\t\t\t\t\t\t\t<p>We create digital strategies that integrate with your webshop, marketing efforts and ERP systems. Our services include SEO, affiliate marketing and advertising on Google and Facebook. We ensure your business complies with GDPR and marketing law and help develop a strong virtual identity. Our insight into marketplaces in Norway ensures your products get maximum visibility and good returns. We also offer professional text translation to ensure your communication is accurate and culturally relevant.<\/p><p>With DKNO Partners as your advisor, you can focus on your core business, knowing that your start-up and marketing needs are in good hands. Contact us today to learn more about how we can help you with your business challenges in Norway and Denmark.<\/p>\t\t\t\t\t\t\t\t<\/div>\n\t\t\t\t<\/div>\n\t\t\t\t<div class=\"elementor-element elementor-element-4df080a elementor-widget elementor-widget-heading\" data-id=\"4df080a\" data-element_type=\"widget\" data-e-type=\"widget\" data-widget_type=\"heading.default\">\n\t\t\t\t<div class=\"elementor-widget-container\">\n\t\t\t\t\t<h2 class=\"elementor-heading-title elementor-size-default\">Sustainability and green transition<\/h2>\t\t\t\t<\/div>\n\t\t\t\t<\/div>\n\t\t\t\t<div class=\"elementor-element elementor-element-f7ebabd elementor-widget elementor-widget-text-editor\" data-id=\"f7ebabd\" data-element_type=\"widget\" data-e-type=\"widget\" data-widget_type=\"text-editor.default\">\n\t\t\t\t<div class=\"elementor-widget-container\">\n\t\t\t\t\t\t\t\t\t<p>In 2024, we took an important step towards our goal of going green by partnering with Trefadder Denmark. This partnership allows us to actively contribute to the restoration of forest areas and reduce CO2 emissions. Eli stepped into the role of Chairman of Trefadder Danmark's Board of Directors, enabling us to help shape future initiatives and ensure that our efforts make a real difference. In October, Eli stepped down as chairman and is now a board member of Trefadder.<\/p><p>We have also invested in carbon offsetting. This means that we actively work to reduce and counteract our environmental impact by supporting projects that reduce CO2 in the atmosphere.<\/p><p>Read more about Trefadder and green transition\u00a0<a href=\"https:\/\/trefadder.dk\/\" target=\"_blank\" rel=\"noopener\">here<\/a><\/p>\t\t\t\t\t\t\t\t<\/div>\n\t\t\t\t<\/div>\n\t\t\t\t\t<\/div>\n\t\t\t\t<\/div>\n\t\t\t\t<\/div>","protected":false},"excerpt":{"rendered":"<p>Kontakt Book en uforpligtende samtale i dag Kontakt os i dag for at f\u00e5 mere at vide om, hvordan vi kan hj\u00e6lpe dig og din virksomhed med at lykkedes p\u00e5 et nyt marked. Kontakt os Skal du have overblik over dine muligheder? For en hver virksomhed, kan det v\u00e6re en udfordring at navigere reglerne virksomhedsdrift. [&hellip;]<\/p>\n","protected":false},"author":1,"featured_media":0,"parent":0,"menu_order":0,"comment_status":"closed","ping_status":"closed","template":"","meta":{"footnotes":""},"class_list":["post-4004","page","type-page","status-publish","hentry"],"_links":{"self":[{"href":"https:\/\/dknopartners.com\/en\/wp-json\/wp\/v2\/pages\/4004","targetHints":{"allow":["GET"]}}],"collection":[{"href":"https:\/\/dknopartners.com\/en\/wp-json\/wp\/v2\/pages"}],"about":[{"href":"https:\/\/dknopartners.com\/en\/wp-json\/wp\/v2\/types\/page"}],"author":[{"embeddable":true,"href":"https:\/\/dknopartners.com\/en\/wp-json\/wp\/v2\/users\/1"}],"replies":[{"embeddable":true,"href":"https:\/\/dknopartners.com\/en\/wp-json\/wp\/v2\/comments?post=4004"}],"version-history":[{"count":44,"href":"https:\/\/dknopartners.com\/en\/wp-json\/wp\/v2\/pages\/4004\/revisions"}],"predecessor-version":[{"id":6254,"href":"https:\/\/dknopartners.com\/en\/wp-json\/wp\/v2\/pages\/4004\/revisions\/6254"}],"wp:attachment":[{"href":"https:\/\/dknopartners.com\/en\/wp-json\/wp\/v2\/media?parent=4004"}],"curies":[{"name":"wp","href":"https:\/\/api.w.org\/{rel}","templated":true}]}}