{"id":4361,"date":"2024-11-18T09:20:22","date_gmt":"2024-11-18T08:20:22","guid":{"rendered":"https:\/\/dknopartners.com\/?page_id=4361"},"modified":"2024-12-19T08:18:29","modified_gmt":"2024-12-19T07:18:29","slug":"blog","status":"publish","type":"page","link":"https:\/\/dknopartners.com\/en\/blog\/","title":{"rendered":"Blog"},"content":{"rendered":"<div data-elementor-type=\"wp-page\" data-elementor-id=\"4361\" class=\"elementor elementor-4361\">\n\t\t\t\t<div class=\"elementor-element elementor-element-040aad8 e-flex e-con-boxed e-con e-parent\" data-id=\"040aad8\" data-element_type=\"container\" data-e-type=\"container\">\n\t\t\t\t\t<div class=\"e-con-inner\">\n\t\t\t\t<div class=\"elementor-element elementor-element-b3967dd elementor-widget elementor-widget-heading\" data-id=\"b3967dd\" data-element_type=\"widget\" data-e-type=\"widget\" data-widget_type=\"heading.default\">\n\t\t\t\t<div class=\"elementor-widget-container\">\n\t\t\t\t\t<h1 class=\"elementor-heading-title elementor-size-default\">Blog<\/h1>\t\t\t\t<\/div>\n\t\t\t\t<\/div>\n\t\t\t\t\t<\/div>\n\t\t\t\t<\/div>\n\t\t<div class=\"elementor-element elementor-element-b2456b7 e-flex e-con-boxed e-con e-parent\" data-id=\"b2456b7\" data-element_type=\"container\" data-e-type=\"container\">\n\t\t\t\t\t<div class=\"e-con-inner\">\n\t\t\t\t<div class=\"elementor-element elementor-element-9b45afc elementor-grid-eael-col-3 elementor-grid-tablet-eael-col-2 elementor-grid-mobile-eael-col-1 elementor-widget elementor-widget-eael-post-grid\" data-id=\"9b45afc\" data-element_type=\"widget\" data-e-type=\"widget\" data-settings=\"{&quot;eael_post_grid_columns&quot;:&quot;eael-col-3&quot;,&quot;eael_post_grid_columns_tablet&quot;:&quot;eael-col-2&quot;,&quot;eael_post_grid_columns_mobile&quot;:&quot;eael-col-1&quot;}\" data-widget_type=\"eael-post-grid.default\">\n\t\t\t\t<div class=\"elementor-widget-container\">\n\t\t\t\t\t<div id=\"eael-post-grid-9b45afc\" class=\"eael-post-grid-container\">\n            <div class=\"eael-post-grid eael-post-appender eael-post-appender-9b45afc eael-post-grid-style-three\" data-layout-mode=\"masonry\"><article class=\"eael-grid-post  eael-post-grid-column eael-pg-post-4487 category-ikke-kategoriseret\" data-id=\"4487\">\n        <div class=\"eael-grid-post-holder\">\n            <div class=\"eael-grid-post-holder-inner\"><div class=\"eael-entry-media\"><div class=\"eael-entry-overlay fade-in\"><i class=\"fas fa-long-arrow-alt-right\" aria-hidden=\"true\"><\/i><a href=\"https:\/\/dknopartners.com\/en\/bedre-kundekontakt-med-norsk-telefoni\/\"><\/a><\/div><div class=\"eael-entry-thumbnail\">\n                 <img decoding=\"async\" width=\"300\" height=\"155\" src=\"https:\/\/dknopartners.com\/wp-content\/uploads\/2024\/12\/NorskTelefoni-300x155.webp\" class=\"attachment-medium size-medium wp-image-4488\" alt=\"Norsk Telefon\" srcset=\"https:\/\/dknopartners.com\/wp-content\/uploads\/2024\/12\/NorskTelefoni-200x103.webp 200w, https:\/\/dknopartners.com\/wp-content\/uploads\/2024\/12\/NorskTelefoni-300x155.webp 300w, https:\/\/dknopartners.com\/wp-content\/uploads\/2024\/12\/NorskTelefoni-400x206.webp 400w, https:\/\/dknopartners.com\/wp-content\/uploads\/2024\/12\/NorskTelefoni-600x309.webp 600w, https:\/\/dknopartners.com\/wp-content\/uploads\/2024\/12\/NorskTelefoni-768x396.webp 768w, https:\/\/dknopartners.com\/wp-content\/uploads\/2024\/12\/NorskTelefoni-800x413.webp 800w, https:\/\/dknopartners.com\/wp-content\/uploads\/2024\/12\/NorskTelefoni-1024x528.webp 1024w, https:\/\/dknopartners.com\/wp-content\/uploads\/2024\/12\/NorskTelefoni-1200x619.webp 1200w, https:\/\/dknopartners.com\/wp-content\/uploads\/2024\/12\/NorskTelefoni-1536x792.webp 1536w\" sizes=\"(max-width: 300px) 100vw, 300px\" loading=\"lazy\" \/>\n             <\/div>\n        <\/div><div class=\"eael-entry-wrapper\"><header class=\"eael-entry-header\"><h2 class=\"eael-entry-title\"><a class=\"eael-grid-post-link\" href=\"https:\/\/dknopartners.com\/en\/bedre-kundekontakt-med-norsk-telefoni\/\" title=\"Norwegian telephony creates better customer contact for Danish companies\">Norwegian telephony creates better customer contact for Danish companies<\/a><\/h2><\/header><div class=\"eael-entry-meta\"><span class=\"eael-posted-on\"><time datetime=\"9. December 2024\">9. December 2024<\/time><\/span><\/div><div class=\"eael-entry-content\">\n                        <div class=\"eael-grid-post-excerpt\"><p>Norwegian telephony creates better customer contact for Danish companies. As a business, gaining the trust of your customers is essential to create...<\/p><a href=\"https:\/\/dknopartners.com\/en\/bedre-kundekontakt-med-norsk-telefoni\/\" class=\"eael-post-elements-readmore-btn\">Read more about it<\/a><\/div>\n                    <\/div><\/div><\/div>\n        <\/div>\n    <\/article><article class=\"eael-grid-post  eael-post-grid-column eael-pg-post-4463 category-ikke-kategoriseret\" data-id=\"4463\">\n        <div class=\"eael-grid-post-holder\">\n            <div class=\"eael-grid-post-holder-inner\"><div class=\"eael-entry-media\"><div class=\"eael-entry-overlay fade-in\"><i class=\"fas fa-long-arrow-alt-right\" aria-hidden=\"true\"><\/i><a href=\"https:\/\/dknopartners.com\/en\/derfor-norsk-domaene\/\"><\/a><\/div><div class=\"eael-entry-thumbnail\">\n                 <img fetchpriority=\"high\" decoding=\"async\" width=\"300\" height=\"169\" src=\"https:\/\/dknopartners.com\/wp-content\/uploads\/2024\/11\/norskdomaene-300x169.webp\" class=\"attachment-medium size-medium wp-image-4472\" alt=\"norsk dom\u00e6ne\" srcset=\"https:\/\/dknopartners.com\/wp-content\/uploads\/2024\/11\/norskdomaene-200x112.webp 200w, https:\/\/dknopartners.com\/wp-content\/uploads\/2024\/11\/norskdomaene-300x169.webp 300w, https:\/\/dknopartners.com\/wp-content\/uploads\/2024\/11\/norskdomaene-400x225.webp 400w, https:\/\/dknopartners.com\/wp-content\/uploads\/2024\/11\/norskdomaene-600x337.webp 600w, https:\/\/dknopartners.com\/wp-content\/uploads\/2024\/11\/norskdomaene-768x432.webp 768w, https:\/\/dknopartners.com\/wp-content\/uploads\/2024\/11\/norskdomaene-800x450.webp 800w, https:\/\/dknopartners.com\/wp-content\/uploads\/2024\/11\/norskdomaene-1024x576.webp 1024w, https:\/\/dknopartners.com\/wp-content\/uploads\/2024\/11\/norskdomaene-1200x675.webp 1200w, https:\/\/dknopartners.com\/wp-content\/uploads\/2024\/11\/norskdomaene-1536x864.webp 1536w\" sizes=\"(max-width: 300px) 100vw, 300px\" \/>\n             <\/div>\n        <\/div><div class=\"eael-entry-wrapper\"><header class=\"eael-entry-header\"><h2 class=\"eael-entry-title\"><a class=\"eael-grid-post-link\" href=\"https:\/\/dknopartners.com\/en\/derfor-norsk-domaene\/\" title=\"Why a Norwegian domain is a crucial part of your digital strategy\">Why a Norwegian domain is a crucial part of your digital strategy<\/a><\/h2><\/header><div class=\"eael-entry-meta\"><span class=\"eael-posted-on\"><time datetime=\"28. November 2024\">28 November 2024<\/time><\/span><\/div><div class=\"eael-entry-content\">\n                        <div class=\"eael-grid-post-excerpt\"><p>Why a Norwegian domain is a crucial part of your digital strategy When your business is entering the Norwegian...<\/p><a href=\"https:\/\/dknopartners.com\/en\/derfor-norsk-domaene\/\" class=\"eael-post-elements-readmore-btn\">Read more about it<\/a><\/div>\n                    <\/div><\/div><\/div>\n        <\/div>\n    <\/article><article class=\"eael-grid-post  eael-post-grid-column eael-pg-post-3035 category-ikke-kategoriseret\" data-id=\"3035\">\n        <div class=\"eael-grid-post-holder\">\n            <div class=\"eael-grid-post-holder-inner\"><div class=\"eael-entry-media\"><div class=\"eael-entry-overlay fade-in\"><i class=\"fas fa-long-arrow-alt-right\" aria-hidden=\"true\"><\/i><a href=\"https:\/\/dknopartners.com\/en\/derfor-norsk-organisationsnummer\/\"><\/a><\/div><div class=\"eael-entry-thumbnail\">\n                 <img decoding=\"async\" width=\"300\" height=\"137\" src=\"https:\/\/dknopartners.com\/wp-content\/uploads\/2024\/09\/Norsk-organisationsnummer-300x137.webp\" class=\"attachment-medium size-medium wp-image-4405\" alt=\"Norsk organisationsnummer\" srcset=\"https:\/\/dknopartners.com\/wp-content\/uploads\/2024\/09\/Norsk-organisationsnummer-200x92.webp 200w, https:\/\/dknopartners.com\/wp-content\/uploads\/2024\/09\/Norsk-organisationsnummer-300x137.webp 300w, https:\/\/dknopartners.com\/wp-content\/uploads\/2024\/09\/Norsk-organisationsnummer-400x183.webp 400w, https:\/\/dknopartners.com\/wp-content\/uploads\/2024\/09\/Norsk-organisationsnummer-600x275.webp 600w, https:\/\/dknopartners.com\/wp-content\/uploads\/2024\/09\/Norsk-organisationsnummer-768x352.webp 768w, https:\/\/dknopartners.com\/wp-content\/uploads\/2024\/09\/Norsk-organisationsnummer-800x366.webp 800w, https:\/\/dknopartners.com\/wp-content\/uploads\/2024\/09\/Norsk-organisationsnummer-1024x469.webp 1024w, https:\/\/dknopartners.com\/wp-content\/uploads\/2024\/09\/Norsk-organisationsnummer-1200x549.webp 1200w, https:\/\/dknopartners.com\/wp-content\/uploads\/2024\/09\/Norsk-organisationsnummer-1536x703.webp 1536w\" sizes=\"(max-width: 300px) 100vw, 300px\" loading=\"lazy\" \/>\n             <\/div>\n        <\/div><div class=\"eael-entry-wrapper\"><header class=\"eael-entry-header\"><h2 class=\"eael-entry-title\"><a class=\"eael-grid-post-link\" href=\"https:\/\/dknopartners.com\/en\/derfor-norsk-organisationsnummer\/\" title=\"Norwegian organisation number: Why your business needs it\">Norwegian organisation number: Why your business needs it<\/a><\/h2><\/header><div class=\"eael-entry-meta\"><span class=\"eael-posted-on\"><time datetime=\"18. November 2024\">18. 18th November 2024<\/time><\/span><\/div><div class=\"eael-entry-content\">\n                        <div class=\"eael-grid-post-excerpt\"><p>Norwegian organisation number: Why your business needs it When you want to run a business in Norway, there's one crucial...<\/p><a href=\"https:\/\/dknopartners.com\/en\/derfor-norsk-organisationsnummer\/\" class=\"eael-post-elements-readmore-btn\">Read more about it<\/a><\/div>\n                    <\/div><\/div><\/div>\n        <\/div>\n    <\/article><article class=\"eael-grid-post  eael-post-grid-column eael-pg-post-4144 category-ikke-kategoriseret\" data-id=\"4144\">\n        <div class=\"eael-grid-post-holder\">\n            <div class=\"eael-grid-post-holder-inner\"><div class=\"eael-entry-media\"><div class=\"eael-entry-overlay fade-in\"><i class=\"fas fa-long-arrow-alt-right\" aria-hidden=\"true\"><\/i><a href=\"https:\/\/dknopartners.com\/en\/haeftende-repraesentant-i-danmark\/\"><\/a><\/div><div class=\"eael-entry-thumbnail\">\n                 <img loading=\"lazy\" decoding=\"async\" width=\"300\" height=\"171\" src=\"https:\/\/dknopartners.com\/wp-content\/uploads\/2024\/11\/AdobeStock_215999479-300x171.jpeg\" class=\"attachment-medium size-medium wp-image-3567\" alt=\"\" srcset=\"https:\/\/dknopartners.com\/wp-content\/uploads\/2024\/11\/AdobeStock_215999479-300x171.jpeg 300w, https:\/\/dknopartners.com\/wp-content\/uploads\/2024\/11\/AdobeStock_215999479-768x438.jpeg 768w, https:\/\/dknopartners.com\/wp-content\/uploads\/2024\/11\/AdobeStock_215999479-1024x584.jpeg 1024w, https:\/\/dknopartners.com\/wp-content\/uploads\/2024\/11\/AdobeStock_215999479-1536x876.jpeg 1536w\" sizes=\"(max-width: 300px) 100vw, 300px\" \/>\n             <\/div>\n        <\/div><div class=\"eael-entry-wrapper\"><header class=\"eael-entry-header\"><h2 class=\"eael-entry-title\"><a class=\"eael-grid-post-link\" href=\"https:\/\/dknopartners.com\/en\/haeftende-repraesentant-i-danmark\/\" title=\"Liable representative in Denmark: A guide for foreign companies entering the Danish market\u00a0\">Liable representative in Denmark: A guide for foreign companies entering the Danish market\u00a0<\/a><\/h2><\/header><div class=\"eael-entry-meta\"><span class=\"eael-posted-on\"><time datetime=\"13. November 2024\">13. 13th November 2024<\/time><\/span><\/div><div class=\"eael-entry-content\">\n                        <div class=\"eael-grid-post-excerpt\"><p>Authorised representative in Denmark: A guide for foreign companies entering the Danish market For foreign companies entering the Danish market...<\/p><a href=\"https:\/\/dknopartners.com\/en\/haeftende-repraesentant-i-danmark\/\" class=\"eael-post-elements-readmore-btn\">Read more about it<\/a><\/div>\n                    <\/div><\/div><\/div>\n        <\/div>\n    <\/article><\/div>\n            <div class=\"clearfix\"><\/div>\n        <\/div>            <div class=\"eael-load-more-button-wrap eael-force-hide\">\n                <button class=\"eael-load-more-button\" id=\"eael-load-more-btn-9b45afc\" data-widget-id=\"9b45afc\" data-widget=\"9b45afc\" data-page-id=\"4361\" data-template=\"{&quot;dir&quot;:&quot;lite&quot;,&quot;file_name&quot;:&quot;three.php&quot;,&quot;name&quot;:&quot;Post-Grid&quot;}\" data-class=\"Essential_Addons_Elementor\\Elements\\Post_Grid\" data-layout=\"masonry\" data-page=\"1\" data-args=\"orderby=date&amp;order=desc&amp;ignore_sticky_posts=1&amp;post_status=publish&amp;posts_per_page=4&amp;offset=0&amp;post_type=post\" data-max-page=\"2\">\n                    <span class=\"eael-btn-loader button__loader\"><\/span>\n                    <span class=\"eael_load_more_text\">Load More<\/span>\n                <\/button>\n            <\/div>\n            \t\t\t\t<\/div>\n\t\t\t\t<\/div>\n\t\t\t\t\t<\/div>\n\t\t\t\t<\/div>\n\t\t\t\t<\/div>","protected":false},"excerpt":{"rendered":"<p>Blog Norsk telefoni skaber bedre kundekontakt for danske virksomheder 9. December 2024 Norsk telefoni skaber bedre kundekontakt for danske virksomheder. Som virksomhed er det essentielt at vinde kundernes tillid for at skabe&#8230; L\u00e6s mere Hvorfor et norsk dom\u00e6ne er en afg\u00f8rende del af din digitale strategi 28. November 2024 Hvorfor et norsk dom\u00e6ne er en [&hellip;]<\/p>\n","protected":false},"author":1,"featured_media":0,"parent":0,"menu_order":0,"comment_status":"closed","ping_status":"closed","template":"","meta":{"footnotes":""},"class_list":["post-4361","page","type-page","status-publish","hentry"],"_links":{"self":[{"href":"https:\/\/dknopartners.com\/en\/wp-json\/wp\/v2\/pages\/4361","targetHints":{"allow":["GET"]}}],"collection":[{"href":"https:\/\/dknopartners.com\/en\/wp-json\/wp\/v2\/pages"}],"about":[{"href":"https:\/\/dknopartners.com\/en\/wp-json\/wp\/v2\/types\/page"}],"author":[{"embeddable":true,"href":"https:\/\/dknopartners.com\/en\/wp-json\/wp\/v2\/users\/1"}],"replies":[{"embeddable":true,"href":"https:\/\/dknopartners.com\/en\/wp-json\/wp\/v2\/comments?post=4361"}],"version-history":[{"count":12,"href":"https:\/\/dknopartners.com\/en\/wp-json\/wp\/v2\/pages\/4361\/revisions"}],"predecessor-version":[{"id":4552,"href":"https:\/\/dknopartners.com\/en\/wp-json\/wp\/v2\/pages\/4361\/revisions\/4552"}],"wp:attachment":[{"href":"https:\/\/dknopartners.com\/en\/wp-json\/wp\/v2\/media?parent=4361"}],"curies":[{"name":"wp","href":"https:\/\/api.w.org\/{rel}","templated":true}]}}