{"id":3,"date":"2020-10-15T08:15:55","date_gmt":"2020-10-15T06:15:55","guid":{"rendered":"https:\/\/dknopartners.olema.one\/?page_id=3"},"modified":"2024-12-19T08:35:14","modified_gmt":"2024-12-19T07:35:14","slug":"privatlivspolitik","status":"publish","type":"page","link":"https:\/\/dknopartners.com\/nb\/privatlivspolitik\/","title":{"rendered":"Retningslinjer for personvern"},"content":{"rendered":"<div data-elementor-type=\"wp-page\" data-elementor-id=\"3\" class=\"elementor elementor-3\">\n\t\t\t\t<div class=\"elementor-element elementor-element-7dd2e4b1 e-flex e-con-boxed e-con e-parent\" data-id=\"7dd2e4b1\" data-element_type=\"container\" data-e-type=\"container\">\n\t\t\t\t\t<div class=\"e-con-inner\">\n\t\t\t\t<div class=\"elementor-element elementor-element-5107af4e elementor-widget elementor-widget-shortcode\" data-id=\"5107af4e\" data-element_type=\"widget\" data-e-type=\"widget\" data-widget_type=\"shortcode.default\">\n\t\t\t\t<div class=\"elementor-widget-container\">\n\t\t\t\t\t\t\t<div class=\"elementor-shortcode\"><div class=\"fusion-fullwidth fullwidth-box fusion-builder-row-1 fusion-flex-container nonhundred-percent-fullwidth non-hundred-percent-height-scrolling\" style=\"background-color: rgba(255,255,255,0);background-position: center center;background-repeat: no-repeat;border-width: 0px 0px 0px 0px;border-color:#e8eaf0;border-style:solid;\" ><div class=\"fusion-builder-row fusion-row fusion-flex-align-items-flex-start\" style=\"max-width:1248px;margin-left: calc(-4% \/ 2 );margin-right: calc(-4% \/ 2 );\"><div class=\"fusion-layout-column fusion_builder_column fusion-builder-column-0 fusion_builder_column_1_1 1_1 fusion-flex-column\"><div class=\"fusion-column-wrapper fusion-flex-justify-content-flex-start fusion-content-layout-column\" style=\"background-position:left top;background-repeat:no-repeat;-webkit-background-size:cover;-moz-background-size:cover;-o-background-size:cover;background-size:cover;padding: 0px 0px 0px 0px;\"><style type=\"text\/css\">@media only screen and (max-width:1024px) {.fusion-title.fusion-title-1{margin-top:10px!important; margin-right:0px!important;margin-bottom:20px!important;margin-left:0px!important;}}@media only screen and (max-width:640px) {.fusion-title.fusion-title-1{margin-top:0px!important; margin-right:0px!important;margin-bottom:20px!important; margin-left:0px!important;}}<\/style><div class=\"fusion-title title fusion-title-1 fusion-sep-none fusion-title-text fusion-title-size-two\" style=\"margin-top:10px;margin-right:0px;margin-bottom:20px;margin-left:0px;\"><h2 class=\"title-heading-left fusion-responsive-typography-calculated\" style=\"margin:0;--fontSize:36;line-height:1.2;\">Retningslinjer for informasjonskapsler og personvern<\/h2><\/div><style type=\"text\/css\">@media only screen and (max-width:1024px) {.fusion-title.fusion-title-2{margin-top:10px!important; margin-right:0px!important;margin-bottom:20px!important;margin-left:0px!important;}}@media only screen and (max-width:640px) {.fusion-title.fusion-title-2{margin-top:0px!important; margin-right:0px!important;margin-bottom:20px!important; margin-left:0px!important;}}<\/style><div class=\"fusion-title title fusion-title-2 fusion-sep-none fusion-title-text fusion-title-size-six\" style=\"margin-top:10px;margin-right:0px;margin-bottom:20px;margin-left:0px;\"><h6 class=\"title-heading-left fusion-responsive-typography-calculated\" style=\"margin:0;--fontSize:15;line-height:1.4;\">Innledning<\/h6><\/div><div class=\"fusion-text fusion-text-1\"><p>N\u00e5r du bes\u00f8ker nettstedet v\u00e5rt, samles det inn informasjon om deg som brukes til \u00e5 tilpasse og forbedre innholdet v\u00e5rt og til \u00e5 \u00f8ke verdien av annonsene som vises p\u00e5 nettstedet. Hvis du ikke \u00f8nsker at det skal samles inn informasjon, b\u00f8r du slette informasjonskapslene dine (<a href=\"http:\/\/minecookies.org\/cookiehandtering\" target=\"_blank\" rel=\"noopener\">se instruksjoner<\/a>) og avst\u00e5 fra videre bruk av nettstedet. Nedenfor har vi utdypet hvilken informasjon som samles inn, form\u00e5let med den og hvilke tredjeparter som har tilgang til den.<\/p>\n<\/div><style type=\"text\/css\">@media only screen and (max-width:1024px) {.fusion-title.fusion-title-3{margin-top:10px!important; margin-right:0px!important;margin-bottom:20px!important;margin-left:0px!important;}}@media only screen and (max-width:640px) {.fusion-title.fusion-title-3{margin-top:0px!important; margin-right:0px!important;margin-bottom:20px!important; margin-left:0px!important;}}<\/style><div class=\"fusion-title title fusion-title-3 fusion-sep-none fusion-title-text fusion-title-size-six\" style=\"margin-top:10px;margin-right:0px;margin-bottom:20px;margin-left:0px;\"><h6 class=\"title-heading-left fusion-responsive-typography-calculated\" style=\"margin:0;--fontSize:15;line-height:1.4;\">Informasjonskapsler<\/h6><\/div><div class=\"fusion-text fusion-text-2\"><p>Nettstedet bruker \"cookies\", som er en tekstfil som lagres p\u00e5 din datamaskin, mobil eller lignende enhet med det form\u00e5l \u00e5 gjenkjenne den, huske innstillinger, utf\u00f8re statistikk og m\u00e5lrette annonser. Informasjonskapsler kan ikke inneholde skadelig kode som for eksempel virus.<\/p>\n<p>Det er mulig \u00e5 slette eller blokkere informasjonskapsler. Se instruksjoner: http:\/\/minecookies.org\/cookiehandtering<\/p>\n<p>Hvis du sletter eller blokkerer informasjonskapsler, kan det f\u00f8re til at annonser blir mindre relevante for deg og vises hyppigere. Du kan ogs\u00e5 risikere at nettstedet ikke fungerer optimalt, og at det er innhold du ikke f\u00e5r tilgang til.<\/p>\n<\/div><style type=\"text\/css\">@media only screen and (max-width:1024px) {.fusion-title.fusion-title-4{margin-top:10px!important; margin-right:0px!important;margin-bottom:20px!important;margin-left:0px!important;}}@media only screen and (max-width:640px) {.fusion-title.fusion-title-4{margin-top:0px!important; margin-right:0px!important;margin-bottom:20px!important; margin-left:0px!important;}}<\/style><div class=\"fusion-title title fusion-title-4 fusion-sep-none fusion-title-text fusion-title-size-four\" style=\"margin-top:10px;margin-right:0px;margin-bottom:20px;margin-left:0px;\"><h4 class=\"title-heading-left fusion-responsive-typography-calculated\" style=\"margin:0;--fontSize:20;line-height:1.2;\">Personopplysninger<\/h4><\/div><style type=\"text\/css\">@media only screen and (max-width:1024px) {.fusion-title.fusion-title-5{margin-top:10px!important; margin-right:0px!important;margin-bottom:20px!important;margin-left:0px!important;}}@media only screen and (max-width:640px) {.fusion-title.fusion-title-5{margin-top:0px!important; margin-right:0px!important;margin-bottom:20px!important; margin-left:0px!important;}}<\/style><div class=\"fusion-title title fusion-title-5 fusion-sep-none fusion-title-text fusion-title-size-six\" style=\"margin-top:10px;margin-right:0px;margin-bottom:20px;margin-left:0px;\"><h6 class=\"title-heading-left fusion-responsive-typography-calculated\" style=\"margin:0;--fontSize:15;line-height:1.4;\">Generelt<\/h6><\/div><div class=\"fusion-text fusion-text-3\"><p>Personopplysninger er all slags informasjon som i et eller annet omfang kan knyttes til deg. N\u00e5r du bruker nettstedet v\u00e5rt, samler vi inn og behandler en rekke slike opplysninger. Dette skjer for eksempel n\u00e5r du f\u00e5r tilgang til innhold, melder deg p\u00e5 nyhetsbrevet v\u00e5rt, deltar i konkurranser eller unders\u00f8kelser, registrerer deg som bruker eller abonnent, bruker andre tjenester eller foretar kj\u00f8p via nettstedet.<\/p>\n<p>Vi samler inn og behandler typisk f\u00f8lgende typer opplysninger: En unik ID og teknisk informasjon om din datamaskin, nettbrett eller mobiltelefon, ditt IP-nummer, geografisk plassering og hvilke sider du klikker p\u00e5 (interesser). I den grad du selv uttrykkelig samtykker til det og selv legger inn opplysninger, behandler vi i tillegg Navn, telefonnummer, e-post, adresse og betalingsinformasjon. Dette vil typisk v\u00e6re i forbindelse med opprettelse av innlogging eller kj\u00f8p.<\/p>\n<\/div><style type=\"text\/css\">@media only screen and (max-width:1024px) {.fusion-title.fusion-title-6{margin-top:10px!important; margin-right:0px!important;margin-bottom:20px!important;margin-left:0px!important;}}@media only screen and (max-width:640px) {.fusion-title.fusion-title-6{margin-top:0px!important; margin-right:0px!important;margin-bottom:20px!important; margin-left:0px!important;}}<\/style><div class=\"fusion-title title fusion-title-6 fusion-sep-none fusion-title-text fusion-title-size-six\" style=\"margin-top:10px;margin-right:0px;margin-bottom:20px;margin-left:0px;\"><h6 class=\"title-heading-left fusion-responsive-typography-calculated\" style=\"margin:0;--fontSize:15;line-height:1.4;\">Trygghet og sikkerhet<\/h6><\/div><div class=\"fusion-text fusion-text-4\"><p>Vi behandler personopplysningene dine p\u00e5 en sikker og konfidensiell m\u00e5te i samsvar med gjeldende lovgivning, herunder personvernforordningen og den danske personopplysningsloven.\nOpplysningene dine vil kun bli brukt til det form\u00e5let de ble samlet inn for, og de vil bli slettet n\u00e5r dette form\u00e5let er oppfylt eller ikke lenger er relevant.\nVi har iverksatt tekniske og organisatoriske tiltak for \u00e5 hindre at opplysningene dine utilsiktet eller ulovlig slettes, publiseres, g\u00e5r tapt, forringes eller utleveres til uvedkommende, misbrukes eller p\u00e5 annen m\u00e5te behandles i strid med loven.<\/p>\n<\/div><style type=\"text\/css\">@media only screen and (max-width:1024px) {.fusion-title.fusion-title-7{margin-top:10px!important; margin-right:0px!important;margin-bottom:20px!important;margin-left:0px!important;}}@media only screen and (max-width:640px) {.fusion-title.fusion-title-7{margin-top:0px!important; margin-right:0px!important;margin-bottom:20px!important; margin-left:0px!important;}}<\/style><div class=\"fusion-title title fusion-title-7 fusion-sep-none fusion-title-text fusion-title-size-six\" style=\"margin-top:10px;margin-right:0px;margin-bottom:20px;margin-left:0px;\"><h6 class=\"title-heading-left fusion-responsive-typography-calculated\" style=\"margin:0;--fontSize:15;line-height:1.4;\">Form\u00e5l<\/h6><\/div><div class=\"fusion-text fusion-text-5\"><p>Opplysningene brukes til \u00e5 identifisere deg som bruker og vise deg de annonsene som mest sannsynlig er relevante for deg, til \u00e5 registrere dine kj\u00f8p og betalinger og til \u00e5 levere de tjenestene du har bedt om, for eksempel \u00e5 sende deg et nyhetsbrev. Vi bruker ogs\u00e5 opplysningene til \u00e5 optimalisere tjenestene og innholdet v\u00e5rt.<\/p>\n<\/div><style type=\"text\/css\">@media only screen and (max-width:1024px) {.fusion-title.fusion-title-8{margin-top:10px!important; margin-right:0px!important;margin-bottom:20px!important;margin-left:0px!important;}}@media only screen and (max-width:640px) {.fusion-title.fusion-title-8{margin-top:0px!important; margin-right:0px!important;margin-bottom:20px!important; margin-left:0px!important;}}<\/style><div class=\"fusion-title title fusion-title-8 fusion-sep-none fusion-title-text fusion-title-size-six\" style=\"margin-top:10px;margin-right:0px;margin-bottom:20px;margin-left:0px;\"><h6 class=\"title-heading-left fusion-responsive-typography-calculated\" style=\"margin:0;--fontSize:15;line-height:1.4;\">Lagringsperiode<\/h6><\/div><div class=\"fusion-text fusion-text-6\"><p>Opplysningene lagres s\u00e5 lenge loven tillater det, og vi sletter dem n\u00e5r det ikke lenger er behov for dem. Perioden avhenger av opplysningenes art og form\u00e5let med lagringen. Det er derfor ikke mulig \u00e5 angi en generell tidsramme for n\u00e5r opplysninger slettes.<\/p>\n<\/div><style type=\"text\/css\">@media only screen and (max-width:1024px) {.fusion-title.fusion-title-9{margin-top:10px!important; margin-right:0px!important;margin-bottom:20px!important;margin-left:0px!important;}}@media only screen and (max-width:640px) {.fusion-title.fusion-title-9{margin-top:0px!important; margin-right:0px!important;margin-bottom:20px!important; margin-left:0px!important;}}<\/style><div class=\"fusion-title title fusion-title-9 fusion-sep-none fusion-title-text fusion-title-size-six\" style=\"margin-top:10px;margin-right:0px;margin-bottom:20px;margin-left:0px;\"><h6 class=\"title-heading-left fusion-responsive-typography-calculated\" style=\"margin:0;--fontSize:15;line-height:1.4;\">Offentliggj\u00f8ring av informasjon<\/h6><\/div><div class=\"fusion-text fusion-text-7\"><p>Opplysninger om din bruk av nettstedet, hvilke annonser du mottar og eventuelt klikker p\u00e5, geografisk plassering, kj\u00f8nn og alderssegment etc. utleveres til tredjeparter i den grad disse opplysningene er kjent. Du kan se hvilke tredjeparter som er involvert i avsnittet om \"Informasjonskapsler\" ovenfor. Informasjonen brukes til \u00e5 m\u00e5lrette annonsering.<\/p>\n<p>Vi bruker ogs\u00e5 en rekke tredjeparter til \u00e5 lagre og behandle data. Disse behandler kun opplysningene p\u00e5 v\u00e5re vegne og kan ikke bruke dem til egne form\u00e5l.<\/p>\n<p>Utlevering av personopplysninger som navn og e-post m.m. vil kun skje dersom du samtykker til det. Vi bruker kun databehandlere i EU eller i land som kan gi tilstrekkelig beskyttelse av opplysningene dine.<\/p>\n<\/div><style type=\"text\/css\">@media only screen and (max-width:1024px) {.fusion-title.fusion-title-10{margin-top:10px!important; margin-right:0px!important;margin-bottom:20px!important;margin-left:0px!important;}}@media only screen and (max-width:640px) {.fusion-title.fusion-title-10{margin-top:0px!important; margin-right:0px!important;margin-bottom:20px!important; margin-left:0px!important;}}<\/style><div class=\"fusion-title title fusion-title-10 fusion-sep-none fusion-title-text fusion-title-size-six\" style=\"margin-top:10px;margin-right:0px;margin-bottom:20px;margin-left:0px;\"><h6 class=\"title-heading-left fusion-responsive-typography-calculated\" style=\"margin:0;--fontSize:15;line-height:1.4;\">Innsikt og klager<\/h6><\/div><div class=\"fusion-text fusion-text-8\"><p>Du har rett til \u00e5 f\u00e5 vite hvilke personopplysninger vi behandler om deg i et felles format (dataportabilitet). Du kan ogs\u00e5 n\u00e5r som helst protestere mot bruken av opplysningene dine. Du kan ogs\u00e5 trekke tilbake ditt samtykke til behandling av opplysningene dine. Hvis opplysningene som behandles om deg er uriktige, har du rett til \u00e5 f\u00e5 dem rettet eller slettet. Henvendelser om dette kan gj\u00f8res til:\u00a0<span class=\"email\">emr@dknopartners.com<\/span>. Hvis du \u00f8nsker \u00e5 klage p\u00e5 v\u00e5r behandling av personopplysningene dine, har du ogs\u00e5 mulighet til \u00e5 kontakte\u00a0<a href=\"http:\/\/www.datatilsynet.dk\/\" target=\"_blank\" rel=\"noopener\">Datatilsynet<\/a>.\nHvis du ikke lenger \u00f8nsker at vi skal behandle personopplysningene dine, eller hvis du \u00f8nsker at vi skal begrense behandlingen av personopplysningene dine, kan du ogs\u00e5 sende oss en foresp\u00f8rsel til e-postadressen som er nevnt ovenfor.<\/p>\n<\/div><style type=\"text\/css\">@media only screen and (max-width:1024px) {.fusion-title.fusion-title-11{margin-top:10px!important; margin-right:0px!important;margin-bottom:20px!important;margin-left:0px!important;}}@media only screen and (max-width:640px) {.fusion-title.fusion-title-11{margin-top:0px!important; margin-right:0px!important;margin-bottom:20px!important; margin-left:0px!important;}}<\/style><div class=\"fusion-title title fusion-title-11 fusion-sep-none fusion-title-text fusion-title-size-six\" style=\"margin-top:10px;margin-right:0px;margin-bottom:20px;margin-left:0px;\"><h6 class=\"title-heading-left fusion-responsive-typography-calculated\" style=\"margin:0;--fontSize:15;line-height:1.4;\">Utgiver<\/h6><\/div><div class=\"fusion-text fusion-text-9\"><p>Nettstedet eies og publiseres av:<\/p>\n<p><span class=\"company\">DKNO-partnere<\/span>\n<span class=\"vejnavn\">Skovsyrevej 1<\/span>\n<span class=\"postnummer\">9800 Hj\u00f8rring<\/span>\nTelefon:\u00a0<span class=\"telefon\">51258783<\/span>\nE-post:\u00a0<span class=\"email\">emr@dknopartners.com<\/span><\/p>\n<\/div><\/div><style type=\"text\/css\">.fusion-body .fusion-builder-column-0{width:100% !important;margin-top : 0px;margin-bottom : 20px;}.fusion-builder-column-0 > .fusion-column-wrapper {padding-top : 0px !important;padding-right : 0px !important;margin-right : 1.92%;padding-bottom : 0px !important;padding-left : 0px !important;margin-left : 1.92%;}@media only screen and (max-width:1024px) {.fusion-body .fusion-builder-column-0{width:100% !important;order : 0;}.fusion-builder-column-0 > .fusion-column-wrapper {margin-right : 1.92%;margin-left : 1.92%;}}@media only screen and (max-width:640px) {.fusion-body .fusion-builder-column-0{width:100% !important;order : 0;}.fusion-builder-column-0 > .fusion-column-wrapper {margin-right : 1.92%;margin-left : 1.92%;}}<\/style><\/div><\/div><style type=\"text\/css\">.fusion-body .fusion-flex-container.fusion-builder-row-1{ padding-top : 0px;margin-top : 0px;padding-right : 0px;padding-bottom : 0px;margin-bottom : 0px;padding-left : 0px;}<\/style><\/div><\/div>\n\t\t\t\t\t\t<\/div>\n\t\t\t\t<\/div>\n\t\t\t\t\t<\/div>\n\t\t\t\t<\/div>\n\t\t\t\t<\/div>","protected":false},"excerpt":{"rendered":"","protected":false},"author":1,"featured_media":0,"parent":0,"menu_order":0,"comment_status":"closed","ping_status":"open","template":"","meta":{"footnotes":""},"class_list":["post-3","page","type-page","status-publish","hentry"],"_links":{"self":[{"href":"https:\/\/dknopartners.com\/nb\/wp-json\/wp\/v2\/pages\/3","targetHints":{"allow":["GET"]}}],"collection":[{"href":"https:\/\/dknopartners.com\/nb\/wp-json\/wp\/v2\/pages"}],"about":[{"href":"https:\/\/dknopartners.com\/nb\/wp-json\/wp\/v2\/types\/page"}],"author":[{"embeddable":true,"href":"https:\/\/dknopartners.com\/nb\/wp-json\/wp\/v2\/users\/1"}],"replies":[{"embeddable":true,"href":"https:\/\/dknopartners.com\/nb\/wp-json\/wp\/v2\/comments?post=3"}],"version-history":[{"count":12,"href":"https:\/\/dknopartners.com\/nb\/wp-json\/wp\/v2\/pages\/3\/revisions"}],"predecessor-version":[{"id":4605,"href":"https:\/\/dknopartners.com\/nb\/wp-json\/wp\/v2\/pages\/3\/revisions\/4605"}],"wp:attachment":[{"href":"https:\/\/dknopartners.com\/nb\/wp-json\/wp\/v2\/media?parent=3"}],"curies":[{"name":"wp","href":"https:\/\/api.w.org\/{rel}","templated":true}]}}