{"id":4004,"date":"2024-11-12T14:04:47","date_gmt":"2024-11-12T13:04:47","guid":{"rendered":"https:\/\/dknopartners.com\/?page_id=4004"},"modified":"2025-11-07T15:13:46","modified_gmt":"2025-11-07T14:13:46","slug":"kontakt","status":"publish","type":"page","link":"https:\/\/dknopartners.com\/nb\/kontakt\/","title":{"rendered":"Kontakt oss"},"content":{"rendered":"<div data-elementor-type=\"wp-page\" data-elementor-id=\"4004\" class=\"elementor elementor-4004\">\n\t\t\t\t<div class=\"elementor-element elementor-element-be38619 e-con-full e-flex e-con e-parent\" data-id=\"be38619\" data-element_type=\"container\" data-e-type=\"container\" data-settings=\"{&quot;background_background&quot;:&quot;classic&quot;}\">\n\t\t<div class=\"elementor-element elementor-element-fa35bdd e-con-full e-flex e-con e-child\" data-id=\"fa35bdd\" data-element_type=\"container\" data-e-type=\"container\" data-settings=\"{&quot;background_background&quot;:&quot;classic&quot;}\">\n\t\t\t\t<div class=\"elementor-element elementor-element-bd100bf elementor-widget elementor-widget-heading\" data-id=\"bd100bf\" data-element_type=\"widget\" data-e-type=\"widget\" data-widget_type=\"heading.default\">\n\t\t\t\t<div class=\"elementor-widget-container\">\n\t\t\t\t\t<h1 class=\"elementor-heading-title elementor-size-default\">Kontakt oss<\/h1>\t\t\t\t<\/div>\n\t\t\t\t<\/div>\n\t\t\t\t<div class=\"elementor-element elementor-element-5dc4e63 elementor-widget elementor-widget-heading\" data-id=\"5dc4e63\" data-element_type=\"widget\" data-e-type=\"widget\" data-widget_type=\"heading.default\">\n\t\t\t\t<div class=\"elementor-widget-container\">\n\t\t\t\t\t<h2 class=\"elementor-heading-title elementor-size-default\">Bestill en uforpliktende samtale i dag<\/h2>\t\t\t\t<\/div>\n\t\t\t\t<\/div>\n\t\t\t\t<div class=\"elementor-element elementor-element-13f8e9e elementor-widget__width-initial elementor-widget-mobile__width-initial elementor-widget elementor-widget-text-editor\" data-id=\"13f8e9e\" data-element_type=\"widget\" data-e-type=\"widget\" data-widget_type=\"text-editor.default\">\n\t\t\t\t<div class=\"elementor-widget-container\">\n\t\t\t\t\t\t\t\t\t<p>Kontakt oss i dag for \u00e5 finne ut mer om hvordan vi kan hjelpe deg og virksomheten din med \u00e5 lykkes i et nytt marked.<\/p>\t\t\t\t\t\t\t\t<\/div>\n\t\t\t\t<\/div>\n\t\t\t\t<div class=\"elementor-element elementor-element-637c805 elementor-widget elementor-widget-button\" data-id=\"637c805\" data-element_type=\"widget\" data-e-type=\"widget\" data-widget_type=\"button.default\">\n\t\t\t\t<div class=\"elementor-widget-container\">\n\t\t\t\t\t\t\t\t\t<div class=\"elementor-button-wrapper\">\n\t\t\t\t\t<a class=\"elementor-button elementor-button-link elementor-size-sm elementor-animation-shrink\" href=\"#\">\n\t\t\t\t\t\t<span class=\"elementor-button-content-wrapper\">\n\t\t\t\t\t\t\t\t\t<span class=\"elementor-button-text\">Kontakt oss<\/span>\n\t\t\t\t\t<\/span>\n\t\t\t\t\t<\/a>\n\t\t\t\t<\/div>\n\t\t\t\t\t\t\t\t<\/div>\n\t\t\t\t<\/div>\n\t\t\t\t<\/div>\n\t\t<div class=\"elementor-element elementor-element-2441a4a e-con-full e-flex e-con e-child\" data-id=\"2441a4a\" data-element_type=\"container\" data-e-type=\"container\">\n\t\t\t\t<\/div>\n\t\t\t\t<\/div>\n\t\t<div class=\"elementor-element elementor-element-e086e51 e-flex e-con-boxed e-con e-parent\" data-id=\"e086e51\" data-element_type=\"container\" data-e-type=\"container\">\n\t\t\t\t\t<div class=\"e-con-inner\">\n\t\t<div class=\"elementor-element elementor-element-ae2a9d9 e-con-full e-flex e-con e-child\" data-id=\"ae2a9d9\" data-element_type=\"container\" data-e-type=\"container\" data-settings=\"{&quot;background_background&quot;:&quot;classic&quot;}\">\n\t\t\t\t<div class=\"elementor-element elementor-element-dd12e4f elementor-widget elementor-widget-heading\" data-id=\"dd12e4f\" data-element_type=\"widget\" data-e-type=\"widget\" data-widget_type=\"heading.default\">\n\t\t\t\t<div class=\"elementor-widget-container\">\n\t\t\t\t\t<h2 class=\"elementor-heading-title elementor-size-default\">Trenger du en oversikt over alternativene dine?<\/h2>\t\t\t\t<\/div>\n\t\t\t\t<\/div>\n\t\t\t\t<div class=\"elementor-element elementor-element-3957e76 elementor-widget elementor-widget-text-editor\" data-id=\"3957e76\" data-element_type=\"widget\" data-e-type=\"widget\" data-widget_type=\"text-editor.default\">\n\t\t\t\t<div class=\"elementor-widget-container\">\n\t\t\t\t\t\t\t\t\t<p>For enhver bedrift kan det v\u00e6re en utfordring \u00e5 navigere i reglene for forretningsdrift. Enten du er en etablert virksomhet eller en nystartet bedrift, er det avgj\u00f8rende \u00e5 sikre at du overholder regelverket og optimaliserer prosessene dine. Hos DKNO Partners tilbyr vi spesialisert r\u00e5dgivning og st\u00f8tte, slik at du kan fokusere p\u00e5 kjernevirksomheten din mens vi tar oss av de administrative og regulatoriske forpliktelsene dine.<\/p>\t\t\t\t\t\t\t\t<\/div>\n\t\t\t\t<\/div>\n\t\t\t\t<\/div>\n\t\t<div class=\"elementor-element elementor-element-0148325 e-con-full e-flex e-con e-child\" data-id=\"0148325\" data-element_type=\"container\" data-e-type=\"container\" data-settings=\"{&quot;background_background&quot;:&quot;classic&quot;}\">\n\t\t\t\t<\/div>\n\t\t<div class=\"elementor-element elementor-element-6290590 e-con-full e-flex e-con e-child\" data-id=\"6290590\" data-element_type=\"container\" data-e-type=\"container\" data-settings=\"{&quot;background_background&quot;:&quot;classic&quot;}\">\n\t\t\t\t<div class=\"elementor-element elementor-element-758f482 elementor-widget elementor-widget-heading\" data-id=\"758f482\" data-element_type=\"widget\" data-e-type=\"widget\" data-widget_type=\"heading.default\">\n\t\t\t\t<div class=\"elementor-widget-container\">\n\t\t\t\t\t<h2 class=\"elementor-heading-title elementor-size-default\">Kom innom for en uforpliktende prat<\/h2>\t\t\t\t<\/div>\n\t\t\t\t<\/div>\n\t\t\t\t<div class=\"elementor-element elementor-element-daa869b elementor-widget elementor-widget-text-editor\" data-id=\"daa869b\" data-element_type=\"widget\" data-e-type=\"widget\" data-widget_type=\"text-editor.default\">\n\t\t\t\t<div class=\"elementor-widget-container\">\n\t\t\t\t\t\t\t\t\t<p>DKNO Partners har kontorer p\u00e5 Frilandsvej 111, 9800 Hj\u00f8rring, Danmark.<\/p><p>Det er et kontorfellesskap der vi er mange selskaper som drar nytte av hverandres sparring i den daglige driften og nettverksbyggingen.<\/p><p>Vi \u00f8nsker ditt selskap velkommen til en kopp kaffe for \u00e5 se hvordan vi kan bidra til din forretningsvirksomhet p\u00e5 det norske og danske markedet.<\/p><p><a href=\"https:\/\/dknopartners.com\/nb\/kontaktformular-2\/\"><strong>Kontakt oss i dag<\/strong><\/a>\u00a0for en uforpliktende samtale!<\/p>\t\t\t\t\t\t\t\t<\/div>\n\t\t\t\t<\/div>\n\t\t\t\t<\/div>\n\t\t\t\t\t<\/div>\n\t\t\t\t<\/div>\n\t\t<div class=\"elementor-element elementor-element-8f0a632 e-flex e-con-boxed e-con e-parent\" data-id=\"8f0a632\" data-element_type=\"container\" data-e-type=\"container\">\n\t\t\t\t\t<div class=\"e-con-inner\">\n\t\t\t\t<div class=\"elementor-element elementor-element-4c5e8a1 elementor-widget elementor-widget-heading\" data-id=\"4c5e8a1\" data-element_type=\"widget\" data-e-type=\"widget\" data-widget_type=\"heading.default\">\n\t\t\t\t<div class=\"elementor-widget-container\">\n\t\t\t\t\t<h2 class=\"elementor-heading-title elementor-size-default\">M\u00f8t DKNO-partnerne dine<\/h2>\t\t\t\t<\/div>\n\t\t\t\t<\/div>\n\t\t\t\t\t<\/div>\n\t\t\t\t<\/div>\n\t\t<div class=\"elementor-element elementor-element-8e6a2bc e-flex e-con-boxed e-con e-parent\" data-id=\"8e6a2bc\" data-element_type=\"container\" data-e-type=\"container\">\n\t\t\t\t\t<div class=\"e-con-inner\">\n\t\t<div class=\"elementor-element elementor-element-54871c0 e-con-full e-flex e-con e-child\" data-id=\"54871c0\" data-element_type=\"container\" data-e-type=\"container\">\n\t\t\t\t<div class=\"elementor-element elementor-element-d57b081 elementor-widget elementor-widget-image\" data-id=\"d57b081\" data-element_type=\"widget\" data-e-type=\"widget\" data-widget_type=\"image.default\">\n\t\t\t\t<div class=\"elementor-widget-container\">\n\t\t\t\t\t\t\t\t\t\t\t\t\t\t\t<img fetchpriority=\"high\" decoding=\"async\" width=\"250\" height=\"250\" src=\"https:\/\/dknopartners.com\/wp-content\/uploads\/2024\/11\/Eli_Kontaktside.jpg\" class=\"attachment-large size-large wp-image-4014\" alt=\"a woman wearing glasses and smiling\" srcset=\"https:\/\/dknopartners.com\/wp-content\/uploads\/2024\/11\/Eli_Kontaktside-66x66.jpg 66w, https:\/\/dknopartners.com\/wp-content\/uploads\/2024\/11\/Eli_Kontaktside-150x150.jpg 150w, https:\/\/dknopartners.com\/wp-content\/uploads\/2024\/11\/Eli_Kontaktside-200x200.jpg 200w, https:\/\/dknopartners.com\/wp-content\/uploads\/2024\/11\/Eli_Kontaktside.jpg 250w\" sizes=\"(max-width: 250px) 100vw, 250px\" \/>\t\t\t\t\t\t\t\t\t\t\t\t\t\t\t<\/div>\n\t\t\t\t<\/div>\n\t\t\t\t<div class=\"elementor-element elementor-element-aca3390 elementor-widget elementor-widget-heading\" data-id=\"aca3390\" data-element_type=\"widget\" data-e-type=\"widget\" data-widget_type=\"heading.default\">\n\t\t\t\t<div class=\"elementor-widget-container\">\n\t\t\t\t\t<h2 class=\"elementor-heading-title elementor-size-default\">Eli Mandt R\u00f8mer<\/h2>\t\t\t\t<\/div>\n\t\t\t\t<\/div>\n\t\t\t\t<div class=\"elementor-element elementor-element-a2ca975 elementor-widget elementor-widget-text-editor\" data-id=\"a2ca975\" data-element_type=\"widget\" data-e-type=\"widget\" data-widget_type=\"text-editor.default\">\n\t\t\t\t<div class=\"elementor-widget-container\">\n\t\t\t\t\t\t\t\t\t<p>ADMINISTRERENDE DIREKT\u00d8R<br \/><a href=\"mailto:emr@dknopartners.com\">emr@dknopartners.com<\/a><br \/><a href=\"tlf:+4551258783\">+45 51 25 87 83<\/a><\/p>\t\t\t\t\t\t\t\t<\/div>\n\t\t\t\t<\/div>\n\t\t\t\t<\/div>\n\t\t<div class=\"elementor-element elementor-element-71568ea e-con-full e-flex e-con e-child\" data-id=\"71568ea\" data-element_type=\"container\" data-e-type=\"container\">\n\t\t\t\t<div class=\"elementor-element elementor-element-a5997cd elementor-widget elementor-widget-image\" data-id=\"a5997cd\" data-element_type=\"widget\" data-e-type=\"widget\" data-widget_type=\"image.default\">\n\t\t\t\t<div class=\"elementor-widget-container\">\n\t\t\t\t\t\t\t\t\t\t\t\t\t\t\t<img decoding=\"async\" width=\"250\" height=\"250\" src=\"https:\/\/dknopartners.com\/wp-content\/uploads\/2024\/11\/Martin_Kontakt.jpg\" class=\"attachment-large size-large wp-image-4018\" alt=\"a man in a grey shirt\" srcset=\"https:\/\/dknopartners.com\/wp-content\/uploads\/2024\/11\/Martin_Kontakt-66x66.jpg 66w, https:\/\/dknopartners.com\/wp-content\/uploads\/2024\/11\/Martin_Kontakt-150x150.jpg 150w, https:\/\/dknopartners.com\/wp-content\/uploads\/2024\/11\/Martin_Kontakt-200x200.jpg 200w, https:\/\/dknopartners.com\/wp-content\/uploads\/2024\/11\/Martin_Kontakt.jpg 250w\" sizes=\"(max-width: 250px) 100vw, 250px\" loading=\"lazy\" \/>\t\t\t\t\t\t\t\t\t\t\t\t\t\t\t<\/div>\n\t\t\t\t<\/div>\n\t\t\t\t<div class=\"elementor-element elementor-element-633eb4c elementor-widget elementor-widget-heading\" data-id=\"633eb4c\" data-element_type=\"widget\" data-e-type=\"widget\" data-widget_type=\"heading.default\">\n\t\t\t\t<div class=\"elementor-widget-container\">\n\t\t\t\t\t<h2 class=\"elementor-heading-title elementor-size-default\">Martin \u00d8bo S\u00f8rensen<\/h2>\t\t\t\t<\/div>\n\t\t\t\t<\/div>\n\t\t\t\t<div class=\"elementor-element elementor-element-0669148 elementor-widget elementor-widget-text-editor\" data-id=\"0669148\" data-element_type=\"widget\" data-e-type=\"widget\" data-widget_type=\"text-editor.default\">\n\t\t\t\t<div class=\"elementor-widget-container\">\n\t\t\t\t\t\t\t\t\t<p>Tekst og oversettelse<\/p>\t\t\t\t\t\t\t\t<\/div>\n\t\t\t\t<\/div>\n\t\t\t\t<\/div>\n\t\t<div class=\"elementor-element elementor-element-f45739e e-con-full e-flex e-con e-child\" data-id=\"f45739e\" data-element_type=\"container\" data-e-type=\"container\">\n\t\t\t\t<div class=\"elementor-element elementor-element-424bb33 elementor-widget elementor-widget-image\" data-id=\"424bb33\" data-element_type=\"widget\" data-e-type=\"widget\" data-widget_type=\"image.default\">\n\t\t\t\t<div class=\"elementor-widget-container\">\n\t\t\t\t\t\t\t\t\t\t\t\t\t\t\t<img decoding=\"async\" width=\"250\" height=\"250\" src=\"https:\/\/dknopartners.com\/wp-content\/uploads\/2024\/11\/Karianne_Kontakt.jpg\" class=\"attachment-large size-large wp-image-4016\" alt=\"a woman with short hair wearing glasses\" srcset=\"https:\/\/dknopartners.com\/wp-content\/uploads\/2024\/11\/Karianne_Kontakt-66x66.jpg 66w, https:\/\/dknopartners.com\/wp-content\/uploads\/2024\/11\/Karianne_Kontakt-150x150.jpg 150w, https:\/\/dknopartners.com\/wp-content\/uploads\/2024\/11\/Karianne_Kontakt-200x200.jpg 200w, https:\/\/dknopartners.com\/wp-content\/uploads\/2024\/11\/Karianne_Kontakt.jpg 250w\" sizes=\"(max-width: 250px) 100vw, 250px\" loading=\"lazy\" \/>\t\t\t\t\t\t\t\t\t\t\t\t\t\t\t<\/div>\n\t\t\t\t<\/div>\n\t\t\t\t<div class=\"elementor-element elementor-element-152a9f1 elementor-widget elementor-widget-heading\" data-id=\"152a9f1\" data-element_type=\"widget\" data-e-type=\"widget\" data-widget_type=\"heading.default\">\n\t\t\t\t<div class=\"elementor-widget-container\">\n\t\t\t\t\t<h2 class=\"elementor-heading-title elementor-size-default\">Karianne Gulbrandsen<\/h2>\t\t\t\t<\/div>\n\t\t\t\t<\/div>\n\t\t\t\t<div class=\"elementor-element elementor-element-8e841b1 elementor-widget elementor-widget-text-editor\" data-id=\"8e841b1\" data-element_type=\"widget\" data-e-type=\"widget\" data-widget_type=\"text-editor.default\">\n\t\t\t\t<div class=\"elementor-widget-container\">\n\t\t\t\t\t\t\t\t\t<p>Design<\/p>\t\t\t\t\t\t\t\t<\/div>\n\t\t\t\t<\/div>\n\t\t\t\t<\/div>\n\t\t<div class=\"elementor-element elementor-element-7f7f34c e-con-full e-flex e-con e-child\" data-id=\"7f7f34c\" data-element_type=\"container\" data-e-type=\"container\">\n\t\t\t\t<div class=\"elementor-element elementor-element-96eda51 elementor-widget elementor-widget-image\" data-id=\"96eda51\" data-element_type=\"widget\" data-e-type=\"widget\" data-widget_type=\"image.default\">\n\t\t\t\t<div class=\"elementor-widget-container\">\n\t\t\t\t\t\t\t\t\t\t\t\t\t\t\t<img loading=\"lazy\" decoding=\"async\" width=\"250\" height=\"250\" src=\"https:\/\/dknopartners.com\/wp-content\/uploads\/2024\/11\/ManglerBillede_Kontakt.jpg\" class=\"attachment-large size-large wp-image-4017\" alt=\"Mangler billede placeholder\" srcset=\"https:\/\/dknopartners.com\/wp-content\/uploads\/2024\/11\/ManglerBillede_Kontakt-66x66.jpg 66w, https:\/\/dknopartners.com\/wp-content\/uploads\/2024\/11\/ManglerBillede_Kontakt-150x150.jpg 150w, https:\/\/dknopartners.com\/wp-content\/uploads\/2024\/11\/ManglerBillede_Kontakt-200x200.jpg 200w, https:\/\/dknopartners.com\/wp-content\/uploads\/2024\/11\/ManglerBillede_Kontakt.jpg 250w\" sizes=\"(max-width: 250px) 100vw, 250px\" \/>\t\t\t\t\t\t\t\t\t\t\t\t\t\t\t<\/div>\n\t\t\t\t<\/div>\n\t\t\t\t<div class=\"elementor-element elementor-element-157495a elementor-widget elementor-widget-heading\" data-id=\"157495a\" data-element_type=\"widget\" data-e-type=\"widget\" data-widget_type=\"heading.default\">\n\t\t\t\t<div class=\"elementor-widget-container\">\n\t\t\t\t\t<h2 class=\"elementor-heading-title elementor-size-default\">Ole Morten Alstad<\/h2>\t\t\t\t<\/div>\n\t\t\t\t<\/div>\n\t\t\t\t<div class=\"elementor-element elementor-element-f7c9581 elementor-widget elementor-widget-text-editor\" data-id=\"f7c9581\" data-element_type=\"widget\" data-e-type=\"widget\" data-widget_type=\"text-editor.default\">\n\t\t\t\t<div class=\"elementor-widget-container\">\n\t\t\t\t\t\t\t\t\t<p>Teknologi og webutvikling<\/p>\t\t\t\t\t\t\t\t<\/div>\n\t\t\t\t<\/div>\n\t\t\t\t<\/div>\n\t\t\t\t\t<\/div>\n\t\t\t\t<\/div>\n\t\t<div class=\"elementor-element elementor-element-7d680d4 e-flex e-con-boxed e-con e-parent\" data-id=\"7d680d4\" data-element_type=\"container\" data-e-type=\"container\">\n\t\t\t\t\t<div class=\"e-con-inner\">\n\t\t\t\t<div class=\"elementor-element elementor-element-3bff6ed elementor-widget elementor-widget-heading\" data-id=\"3bff6ed\" data-element_type=\"widget\" data-e-type=\"widget\" data-widget_type=\"heading.default\">\n\t\t\t\t<div class=\"elementor-widget-container\">\n\t\t\t\t\t<h2 class=\"elementor-heading-title elementor-size-default\">Nettverk i Norge og Danmark<\/h2>\t\t\t\t<\/div>\n\t\t\t\t<\/div>\n\t\t\t\t<div class=\"elementor-element elementor-element-46ffb00 elementor-widget elementor-widget-text-editor\" data-id=\"46ffb00\" data-element_type=\"widget\" data-e-type=\"widget\" data-widget_type=\"text-editor.default\">\n\t\t\t\t<div class=\"elementor-widget-container\">\n\t\t\t\t\t\t\t\t\t<p>Eli R\u00f8mer startet sin egen konsulentvirksomhet i 2013 med fokus p\u00e5 \u00e5 hjelpe danske selskaper inn p\u00e5 det norske markedet og norske selskaper inn p\u00e5 det danske markedet.<\/p><p>Etter mange \u00e5r som salgssjef i reiselivsbransjen p\u00e5 det norske markedet har Eli bygget opp et sterkt nettverk i Norge. Med denne omfattende erfaringen og v\u00e5rt brede nettverk st\u00e5r DKNO Partners i dag som en solid og p\u00e5litelig kontakt for det norske markedet.<\/p><p>I dag har vi et omfattende nettverk som dekker bedriftenes ulike behov. V\u00e5r forretningsmodell leverer \u00f8konomiske og effektive l\u00f8sninger til kundene v\u00e5re. Vi tilbyr b\u00e5de standardiserte oppgavel\u00f8sninger og skreddersydde l\u00f8sninger som er tilpasset bedriftens spesifikke behov.<\/p><p>Vi har omfattende innsikt i hvordan man navigerer og starter opp i ulike markeder. I tillegg samarbeider vi med erhvervssentre og lokale erhvervskontorer i hele Danmark.<\/p>\t\t\t\t\t\t\t\t<\/div>\n\t\t\t\t<\/div>\n\t\t\t\t<div class=\"elementor-element elementor-element-b162819 elementor-widget elementor-widget-heading\" data-id=\"b162819\" data-element_type=\"widget\" data-e-type=\"widget\" data-widget_type=\"heading.default\">\n\t\t\t\t<div class=\"elementor-widget-container\">\n\t\t\t\t\t<h2 class=\"elementor-heading-title elementor-size-default\">Kom godt i gang<\/h2>\t\t\t\t<\/div>\n\t\t\t\t<\/div>\n\t\t\t\t<div class=\"elementor-element elementor-element-0ba595f elementor-widget elementor-widget-text-editor\" data-id=\"0ba595f\" data-element_type=\"widget\" data-e-type=\"widget\" data-widget_type=\"text-editor.default\">\n\t\t\t\t<div class=\"elementor-widget-container\">\n\t\t\t\t\t\t\t\t\t<p>Vi hjelper til med \u00e5 \u00e5pne nettverksd\u00f8rer i b\u00e5de Norge og Danmark og h\u00e5ndterer registrering av norske domener og selskapsformer. Vi h\u00e5ndterer ogs\u00e5 n\u00f8dvendige lisenser, inkludert norsk CPR-nummer og HMS-kort. Med v\u00e5r omfattende forst\u00e5else av markedet, kulturelle nyanser og spesifikke krav s\u00f8rger vi for at virksomheten din f\u00e5r en smidig oppstart. Vi tilbyr l\u00f8sninger for betalingssystemer som brukes i det norske markedet, dokumentasjon for Tryg E-commerce, fraktl\u00f8sninger og lagerhold. V\u00e5r kompetanse innen moms og skatt, samt markedsanalyser, gir deg det beste utgangspunktet for \u00e5 lykkes.<\/p>\t\t\t\t\t\t\t\t<\/div>\n\t\t\t\t<\/div>\n\t\t\t\t<div class=\"elementor-element elementor-element-0c969fd elementor-widget elementor-widget-heading\" data-id=\"0c969fd\" data-element_type=\"widget\" data-e-type=\"widget\" data-widget_type=\"heading.default\">\n\t\t\t\t<div class=\"elementor-widget-container\">\n\t\t\t\t\t<h2 class=\"elementor-heading-title elementor-size-default\">Salg og markedsf\u00f8ring<\/h2>\t\t\t\t<\/div>\n\t\t\t\t<\/div>\n\t\t\t\t<div class=\"elementor-element elementor-element-4a6042d elementor-widget elementor-widget-text-editor\" data-id=\"4a6042d\" data-element_type=\"widget\" data-e-type=\"widget\" data-widget_type=\"text-editor.default\">\n\t\t\t\t<div class=\"elementor-widget-container\">\n\t\t\t\t\t\t\t\t\t<p>Vi lager digitale strategier som integreres med nettbutikken, markedsf\u00f8ringsarbeidet og ERP-systemene dine. V\u00e5re tjenester omfatter SEO, affiliatemarkedsf\u00f8ring og annonsering p\u00e5 Google og Facebook. Vi s\u00f8rger for at virksomheten din overholder GDPR og markedsf\u00f8ringsloven, og hjelper deg med \u00e5 utvikle en sterk virtuell identitet. V\u00e5r innsikt i markedsplasser i Norge sikrer at produktene dine f\u00e5r maksimal synlighet og god avkastning. Vi tilbyr ogs\u00e5 profesjonell tekstoversettelse for \u00e5 sikre at kommunikasjonen din er n\u00f8yaktig og kulturelt relevant.<\/p><p>Med DKNO Partners som r\u00e5dgiver kan du fokusere p\u00e5 kjernevirksomheten din, vel vitende om at oppstarts- og markedsf\u00f8ringsbehovene dine er i gode hender. Kontakt oss i dag for \u00e5 h\u00f8re mer om hvordan vi kan hjelpe deg med dine forretningsmessige utfordringer i Norge og Danmark.<\/p>\t\t\t\t\t\t\t\t<\/div>\n\t\t\t\t<\/div>\n\t\t\t\t<div class=\"elementor-element elementor-element-4df080a elementor-widget elementor-widget-heading\" data-id=\"4df080a\" data-element_type=\"widget\" data-e-type=\"widget\" data-widget_type=\"heading.default\">\n\t\t\t\t<div class=\"elementor-widget-container\">\n\t\t\t\t\t<h2 class=\"elementor-heading-title elementor-size-default\">B\u00e6rekraft og gr\u00f8nn omstilling<\/h2>\t\t\t\t<\/div>\n\t\t\t\t<\/div>\n\t\t\t\t<div class=\"elementor-element elementor-element-f7ebabd elementor-widget elementor-widget-text-editor\" data-id=\"f7ebabd\" data-element_type=\"widget\" data-e-type=\"widget\" data-widget_type=\"text-editor.default\">\n\t\t\t\t<div class=\"elementor-widget-container\">\n\t\t\t\t\t\t\t\t\t<p>I 2024 tok vi et viktig skritt mot m\u00e5let v\u00e5rt om gr\u00f8nn omstilling ved \u00e5 inng\u00e5 et samarbeid med Trefadder Danmark. Gjennom dette samarbeidet kan vi aktivt bidra til \u00e5 restaurere skogomr\u00e5der og redusere CO2-utslippene. Eli gikk inn i rollen som styreleder i Trefadder Danmarks styre, slik at vi kan v\u00e6re med p\u00e5 \u00e5 forme fremtidige initiativer og sikre at innsatsen v\u00e5r gj\u00f8r en reell forskjell. I oktober gikk Eli av som styreleder og er n\u00e5 styremedlem i Trefadder.<\/p><p>Vi har ogs\u00e5 investert i klimakompensasjon. Det betyr at vi aktivt arbeider for \u00e5 redusere og motvirke v\u00e5r milj\u00f8p\u00e5virkning ved \u00e5 st\u00f8tte prosjekter som reduserer CO2 i atmosf\u00e6ren.<\/p><p>Les mer om Trefadder og gr\u00f8nn omstilling\u00a0<a href=\"https:\/\/trefadder.dk\/\" target=\"_blank\" rel=\"noopener\">her<\/a><\/p>\t\t\t\t\t\t\t\t<\/div>\n\t\t\t\t<\/div>\n\t\t\t\t\t<\/div>\n\t\t\t\t<\/div>\n\t\t\t\t<\/div>","protected":false},"excerpt":{"rendered":"<p>Kontakt Book en uforpligtende samtale i dag Kontakt os i dag for at f\u00e5 mere at vide om, hvordan vi kan hj\u00e6lpe dig og din virksomhed med at lykkedes p\u00e5 et nyt marked. Kontakt os Skal du have overblik over dine muligheder? For en hver virksomhed, kan det v\u00e6re en udfordring at navigere reglerne virksomhedsdrift. [&hellip;]<\/p>\n","protected":false},"author":1,"featured_media":0,"parent":0,"menu_order":0,"comment_status":"closed","ping_status":"closed","template":"","meta":{"footnotes":""},"class_list":["post-4004","page","type-page","status-publish","hentry"],"_links":{"self":[{"href":"https:\/\/dknopartners.com\/nb\/wp-json\/wp\/v2\/pages\/4004","targetHints":{"allow":["GET"]}}],"collection":[{"href":"https:\/\/dknopartners.com\/nb\/wp-json\/wp\/v2\/pages"}],"about":[{"href":"https:\/\/dknopartners.com\/nb\/wp-json\/wp\/v2\/types\/page"}],"author":[{"embeddable":true,"href":"https:\/\/dknopartners.com\/nb\/wp-json\/wp\/v2\/users\/1"}],"replies":[{"embeddable":true,"href":"https:\/\/dknopartners.com\/nb\/wp-json\/wp\/v2\/comments?post=4004"}],"version-history":[{"count":44,"href":"https:\/\/dknopartners.com\/nb\/wp-json\/wp\/v2\/pages\/4004\/revisions"}],"predecessor-version":[{"id":6254,"href":"https:\/\/dknopartners.com\/nb\/wp-json\/wp\/v2\/pages\/4004\/revisions\/6254"}],"wp:attachment":[{"href":"https:\/\/dknopartners.com\/nb\/wp-json\/wp\/v2\/media?parent=4004"}],"curies":[{"name":"wp","href":"https:\/\/api.w.org\/{rel}","templated":true}]}}