{"id":4962,"date":"2025-01-08T09:30:06","date_gmt":"2025-01-08T08:30:06","guid":{"rendered":"https:\/\/dknopartners.com\/?page_id=4962"},"modified":"2025-02-03T09:35:54","modified_gmt":"2025-02-03T08:35:54","slug":"samarbejdspartnere","status":"publish","type":"page","link":"https:\/\/dknopartners.com\/nb\/samarbejdspartnere\/","title":{"rendered":"Samarbeidspartnere"},"content":{"rendered":"<div data-elementor-type=\"wp-post\" data-elementor-id=\"4962\" class=\"elementor elementor-4962\">\n\t\t\t\t<div class=\"elementor-element elementor-element-ac6bfbf e-con-full e-flex e-con e-parent\" data-id=\"ac6bfbf\" data-element_type=\"container\" data-e-type=\"container\" data-settings=\"{&quot;background_background&quot;:&quot;classic&quot;}\">\n\t\t<div class=\"elementor-element elementor-element-b14657a e-con-full e-flex e-con e-child\" data-id=\"b14657a\" data-element_type=\"container\" data-e-type=\"container\" data-settings=\"{&quot;background_background&quot;:&quot;classic&quot;}\">\n\t\t\t\t<div class=\"elementor-element elementor-element-7880ecc elementor-widget elementor-widget-heading\" data-id=\"7880ecc\" data-element_type=\"widget\" data-e-type=\"widget\" data-widget_type=\"heading.default\">\n\t\t\t\t<div class=\"elementor-widget-container\">\n\t\t\t\t\t<h1 class=\"elementor-heading-title elementor-size-default\">V\u00e5re samarbeidspartnere<\/h1>\t\t\t\t<\/div>\n\t\t\t\t<\/div>\n\t\t\t\t<div class=\"elementor-element elementor-element-9179e8b elementor-widget__width-initial elementor-widget-mobile__width-initial elementor-widget elementor-widget-text-editor\" data-id=\"9179e8b\" data-element_type=\"widget\" data-e-type=\"widget\" data-widget_type=\"text-editor.default\">\n\t\t\t\t<div class=\"elementor-widget-container\">\n\t\t\t\t\t\t\t\t\t<p>Kontakt oss i dag og bli en del av v\u00e5rt profesjonelle nettverk<\/p>\t\t\t\t\t\t\t\t<\/div>\n\t\t\t\t<\/div>\n\t\t\t\t<div class=\"elementor-element elementor-element-eccb5c0 elementor-widget elementor-widget-button\" data-id=\"eccb5c0\" data-element_type=\"widget\" data-e-type=\"widget\" data-widget_type=\"button.default\">\n\t\t\t\t<div class=\"elementor-widget-container\">\n\t\t\t\t\t\t\t\t\t<div class=\"elementor-button-wrapper\">\n\t\t\t\t\t<a class=\"elementor-button elementor-button-link elementor-size-sm elementor-animation-shrink\" href=\"https:\/\/dknopartners.com\/nb\/kontaktformular-2\/\">\n\t\t\t\t\t\t<span class=\"elementor-button-content-wrapper\">\n\t\t\t\t\t\t\t\t\t<span class=\"elementor-button-text\">Kontakt oss<\/span>\n\t\t\t\t\t<\/span>\n\t\t\t\t\t<\/a>\n\t\t\t\t<\/div>\n\t\t\t\t\t\t\t\t<\/div>\n\t\t\t\t<\/div>\n\t\t\t\t<\/div>\n\t\t<div class=\"elementor-element elementor-element-796e6c0 e-con-full e-flex e-con e-child\" data-id=\"796e6c0\" data-element_type=\"container\" data-e-type=\"container\">\n\t\t\t\t<\/div>\n\t\t\t\t<\/div>\n\t\t<div class=\"elementor-element elementor-element-1e9465d e-flex e-con-boxed e-con e-parent\" data-id=\"1e9465d\" data-element_type=\"container\" data-e-type=\"container\" data-settings=\"{&quot;background_background&quot;:&quot;classic&quot;}\">\n\t\t\t\t\t<div class=\"e-con-inner\">\n\t\t<div class=\"elementor-element elementor-element-a0b8000 e-con-full e-flex e-con e-child\" data-id=\"a0b8000\" data-element_type=\"container\" data-e-type=\"container\">\n\t\t\t\t<div class=\"elementor-element elementor-element-aa63d02 elementor-position-left elementor-vertical-align-middle elementor-widget elementor-widget-image-box\" data-id=\"aa63d02\" data-element_type=\"widget\" data-e-type=\"widget\" data-widget_type=\"image-box.default\">\n\t\t\t\t<div class=\"elementor-widget-container\">\n\t\t\t\t\t<div class=\"elementor-image-box-wrapper\"><figure class=\"elementor-image-box-img\"><img fetchpriority=\"high\" decoding=\"async\" width=\"500\" height=\"500\" src=\"https:\/\/dknopartners.com\/wp-content\/uploads\/2025\/01\/Allpack.jpg\" class=\"attachment-full size-full wp-image-5669\" alt=\"\" srcset=\"https:\/\/dknopartners.com\/wp-content\/uploads\/2025\/01\/Allpack-150x150.jpg 150w, https:\/\/dknopartners.com\/wp-content\/uploads\/2025\/01\/Allpack-300x300.jpg 300w, https:\/\/dknopartners.com\/wp-content\/uploads\/2025\/01\/Allpack.jpg 500w\" sizes=\"(max-width: 500px) 100vw, 500px\" \/><\/figure><div class=\"elementor-image-box-content\"><h3 class=\"elementor-image-box-title\">Effektive l\u00f8sninger gjennom sterke partnere<\/h3><p class=\"elementor-image-box-description\">AllPack ApS er et lagerselskap som tilbyr skreddersydde l\u00f8sninger for nettbutikker og bedrifter med plukk-, pakke- og forsendelsesbehov - b\u00e5de i Danmark og internasjonalt. V\u00e5re tjenester er rettet mot b\u00e5de B2C- og B2B-kunder, og vi st\u00f8tter de fleste nettbutikker og regnskapssystemer.\n\nVi tilbyr lager-, plukk- og pakkel\u00f8sninger for alle typer virksomheter. Samarbeidet med DKNO sikrer en enkel og smidig oppstart og drift for kundene v\u00e5re.\n\nDKNO Partners er en verdifull partner som har spesialisert seg p\u00e5 \u00e5 hjelpe bedrifter med \u00e5 etablere seg p\u00e5 det norske, danske og europeiske markedet. Vi anbefaler dem til kunder som \u00f8nsker \u00e5 ekspandere til nye markeder. DKNO tar seg av de fleste prosesser, slik at du kan fokusere p\u00e5 kjernevirksomheten din.<\/p><\/div><\/div>\t\t\t\t<\/div>\n\t\t\t\t<\/div>\n\t\t\t\t<div class=\"elementor-element elementor-element-3e0d21c elementor-position-left elementor-vertical-align-middle elementor-widget elementor-widget-image-box\" data-id=\"3e0d21c\" data-element_type=\"widget\" data-e-type=\"widget\" data-widget_type=\"image-box.default\">\n\t\t\t\t<div class=\"elementor-widget-container\">\n\t\t\t\t\t<div class=\"elementor-image-box-wrapper\"><figure class=\"elementor-image-box-img\"><img decoding=\"async\" width=\"500\" height=\"500\" src=\"https:\/\/dknopartners.com\/wp-content\/uploads\/2025\/01\/CloudZolution.jpg\" class=\"attachment-full size-full wp-image-4986\" alt=\"\" srcset=\"https:\/\/dknopartners.com\/wp-content\/uploads\/2025\/01\/CloudZolution-150x150.jpg 150w, https:\/\/dknopartners.com\/wp-content\/uploads\/2025\/01\/CloudZolution-300x300.jpg 300w, https:\/\/dknopartners.com\/wp-content\/uploads\/2025\/01\/CloudZolution.jpg 500w\" sizes=\"(max-width: 500px) 100vw, 500px\" loading=\"lazy\" \/><\/figure><div class=\"elementor-image-box-content\"><h3 class=\"elementor-image-box-title\">Samarbeid for optimale kommunikasjonsl\u00f8sninger<\/h3><p class=\"elementor-image-box-description\">Vi samarbeider med dkno Partners for \u00e5 hjelpe kunder som \u00f8nsker \u00e5 etablere seg i Norge og Danmark, med \u00e5 etablere en optimal kommunikasjonsl\u00f8sning. L\u00f8sningen er ofte en erstatning for den n\u00e5v\u00e6rende, men kan ogs\u00e5 i noen tilfeller v\u00e6re et tillegg til en eksisterende l\u00f8sning. L\u00f8sningen gir en genuint nordisk l\u00f8sning, med telefonnumre i de respektive landene og med b\u00e5de norsk og dansk tale, og hvis man har ansatte i Norge, kan norske SIM-kort leveres i samme l\u00f8sning, med support ogs\u00e5 p\u00e5 norsk. L\u00f8sningen er rettet mot bedrifter i alle st\u00f8rrelser.<\/p><\/div><\/div>\t\t\t\t<\/div>\n\t\t\t\t<\/div>\n\t\t\t\t<div class=\"elementor-element elementor-element-fabcf41 elementor-position-left elementor-vertical-align-middle elementor-widget elementor-widget-image-box\" data-id=\"fabcf41\" data-element_type=\"widget\" data-e-type=\"widget\" data-widget_type=\"image-box.default\">\n\t\t\t\t<div class=\"elementor-widget-container\">\n\t\t\t\t\t<div class=\"elementor-image-box-wrapper\"><figure class=\"elementor-image-box-img\"><img decoding=\"async\" width=\"500\" height=\"500\" src=\"https:\/\/dknopartners.com\/wp-content\/uploads\/2025\/01\/Homerunner-1.jpg\" class=\"attachment-full size-full wp-image-5053\" alt=\"\" srcset=\"https:\/\/dknopartners.com\/wp-content\/uploads\/2025\/01\/Homerunner-1-150x150.jpg 150w, https:\/\/dknopartners.com\/wp-content\/uploads\/2025\/01\/Homerunner-1-300x300.jpg 300w, https:\/\/dknopartners.com\/wp-content\/uploads\/2025\/01\/Homerunner-1.jpg 500w\" sizes=\"(max-width: 500px) 100vw, 500px\" loading=\"lazy\" \/><\/figure><div class=\"elementor-image-box-content\"><h3 class=\"elementor-image-box-title\">Homerunner<\/h3><p class=\"elementor-image-box-description\">Homerunner er en IT-plattform for frakt- og logistikkl\u00f8sninger. Med avtaler over hele verden med lokale operat\u00f8rer og transport\u00f8rer er vi den foretrukne partneren for mange sm\u00e5, mellomstore og store e-handelsbedrifter og en rekke detaljhandelsakt\u00f8rer.\n\n<br><br>Vi tilbyr r\u00e5dgivning og tilrettelegger fraktl\u00f8sninger. For \u00e5 sikre den mest n\u00f8yaktige og oppdaterte veiledningen p\u00e5 omr\u00e5der som toll, moms og selskapsstruktur i land som Norge, Storbritannia og Sveits, samarbeider vi med eksperter som DKNO Partners.\n\n\n<br><br>DKNO Partners hjelper bedrifter med \u00e5 ta de riktige beslutningene om selskapsstrukturer som styrker deres forretningsstrategi n\u00e5r de g\u00e5r inn i Norge. Vi involverer dem ofte tidlig i prosessen for \u00e5 skape et solid fundament, noe som gir trygghet og sikrer en smidig oppstart og videre prosess for alle involverte.<\/p><\/div><\/div>\t\t\t\t<\/div>\n\t\t\t\t<\/div>\n\t\t\t\t<\/div>\n\t\t<div class=\"elementor-element elementor-element-33c5366 e-con-full e-flex e-con e-child\" data-id=\"33c5366\" data-element_type=\"container\" data-e-type=\"container\">\n\t\t\t\t<div class=\"elementor-element elementor-element-e1b27b7 elementor-position-top elementor-widget elementor-widget-image-box\" data-id=\"e1b27b7\" data-element_type=\"widget\" data-e-type=\"widget\" data-widget_type=\"image-box.default\">\n\t\t\t\t<div class=\"elementor-widget-container\">\n\t\t\t\t\t<div class=\"elementor-image-box-wrapper\"><figure class=\"elementor-image-box-img\"><a href=\"https:\/\/dknopartners.com\/nb\/kontaktformular-2\/\" tabindex=\"-1\"><img loading=\"lazy\" decoding=\"async\" width=\"250\" height=\"250\" src=\"https:\/\/dknopartners.com\/wp-content\/uploads\/2024\/11\/Eli_Kontaktside.jpg\" class=\"attachment-full size-full wp-image-4014\" alt=\"a woman wearing glasses and smiling\" srcset=\"https:\/\/dknopartners.com\/wp-content\/uploads\/2024\/11\/Eli_Kontaktside-66x66.jpg 66w, https:\/\/dknopartners.com\/wp-content\/uploads\/2024\/11\/Eli_Kontaktside-150x150.jpg 150w, https:\/\/dknopartners.com\/wp-content\/uploads\/2024\/11\/Eli_Kontaktside-200x200.jpg 200w, https:\/\/dknopartners.com\/wp-content\/uploads\/2024\/11\/Eli_Kontaktside.jpg 250w\" sizes=\"(max-width: 250px) 100vw, 250px\" \/><\/a><\/figure><div class=\"elementor-image-box-content\"><h3 class=\"elementor-image-box-title\"><a href=\"https:\/\/dknopartners.com\/nb\/kontaktformular-2\/\">\u00d8nsker du \u00e5 bli en del av nettverket v\u00e5rt?<\/a><\/h3><p class=\"elementor-image-box-description\"><p>Kontakt oss <a href=\"https:\/\/dknopartners.com\/nb\/kontaktformular-2\/\">her<\/a> og bestill et m\u00f8te, eller bruk informasjonen nedenfor:<\/p>\n\n<p><a href=\"mailto:emr@dknopartners.com\">emr@dknopartners.com<\/a><\/p>\n\n<p><a href=\"tel:+4551258783\">+45 51 25 87 83<\/a><\/p>\n<\/p><\/div><\/div>\t\t\t\t<\/div>\n\t\t\t\t<\/div>\n\t\t\t\t<\/div>\n\t\t\t\t\t<\/div>\n\t\t\t\t<\/div>\n\t\t<div class=\"elementor-element elementor-element-81360f9 e-flex e-con-boxed e-con e-parent\" data-id=\"81360f9\" data-element_type=\"container\" data-e-type=\"container\">\n\t\t\t\t\t<div class=\"e-con-inner\">\n\t\t\t\t<div class=\"elementor-element elementor-element-1242fbe elementor-widget elementor-widget-heading\" data-id=\"1242fbe\" data-element_type=\"widget\" data-e-type=\"widget\" data-widget_type=\"heading.default\">\n\t\t\t\t<div class=\"elementor-widget-container\">\n\t\t\t\t\t<h2 class=\"elementor-heading-title elementor-size-default\">Andre forretningspartnere<\/h2>\t\t\t\t<\/div>\n\t\t\t\t<\/div>\n\t\t\t\t\t<\/div>\n\t\t\t\t<\/div>\n\t\t<div class=\"elementor-element elementor-element-a9f70e7 e-flex e-con-boxed e-con e-parent\" data-id=\"a9f70e7\" data-element_type=\"container\" data-e-type=\"container\">\n\t\t\t\t\t<div class=\"e-con-inner\">\n\t\t<div class=\"elementor-element elementor-element-b3f9fcc e-con-full e-flex e-con e-child\" data-id=\"b3f9fcc\" data-element_type=\"container\" data-e-type=\"container\">\n\t\t\t\t<div class=\"elementor-element elementor-element-38f437e elementor-position-top elementor-widget elementor-widget-image-box\" data-id=\"38f437e\" data-element_type=\"widget\" data-e-type=\"widget\" data-widget_type=\"image-box.default\">\n\t\t\t\t<div class=\"elementor-widget-container\">\n\t\t\t\t\t<div class=\"elementor-image-box-wrapper\"><figure class=\"elementor-image-box-img\"><img loading=\"lazy\" decoding=\"async\" width=\"500\" height=\"500\" src=\"https:\/\/dknopartners.com\/wp-content\/uploads\/2025\/01\/BusinessAalborg.jpg\" class=\"attachment-full size-full wp-image-4994\" alt=\"\" srcset=\"https:\/\/dknopartners.com\/wp-content\/uploads\/2025\/01\/BusinessAalborg-150x150.jpg 150w, https:\/\/dknopartners.com\/wp-content\/uploads\/2025\/01\/BusinessAalborg-300x300.jpg 300w, https:\/\/dknopartners.com\/wp-content\/uploads\/2025\/01\/BusinessAalborg.jpg 500w\" sizes=\"(max-width: 500px) 100vw, 500px\" \/><\/figure><div class=\"elementor-image-box-content\"><h3 class=\"elementor-image-box-title\">Business Aalborg<\/h3><\/div><\/div>\t\t\t\t<\/div>\n\t\t\t\t<\/div>\n\t\t\t\t<\/div>\n\t\t<div class=\"elementor-element elementor-element-935b671 e-con-full e-flex e-con e-child\" data-id=\"935b671\" data-element_type=\"container\" data-e-type=\"container\">\n\t\t\t\t<div class=\"elementor-element elementor-element-efa4bff elementor-position-top elementor-widget elementor-widget-image-box\" data-id=\"efa4bff\" data-element_type=\"widget\" data-e-type=\"widget\" data-widget_type=\"image-box.default\">\n\t\t\t\t<div class=\"elementor-widget-container\">\n\t\t\t\t\t<div class=\"elementor-image-box-wrapper\"><figure class=\"elementor-image-box-img\"><img loading=\"lazy\" decoding=\"async\" width=\"500\" height=\"500\" src=\"https:\/\/dknopartners.com\/wp-content\/uploads\/2025\/01\/NoCable.jpg\" class=\"attachment-full size-full wp-image-4991\" alt=\"\" srcset=\"https:\/\/dknopartners.com\/wp-content\/uploads\/2025\/01\/NoCable-150x150.jpg 150w, https:\/\/dknopartners.com\/wp-content\/uploads\/2025\/01\/NoCable-300x300.jpg 300w, https:\/\/dknopartners.com\/wp-content\/uploads\/2025\/01\/NoCable.jpg 500w\" sizes=\"(max-width: 500px) 100vw, 500px\" \/><\/figure><div class=\"elementor-image-box-content\"><h3 class=\"elementor-image-box-title\">NoCable<\/h3><\/div><\/div>\t\t\t\t<\/div>\n\t\t\t\t<\/div>\n\t\t\t\t<\/div>\n\t\t<div class=\"elementor-element elementor-element-957ba16 e-con-full e-flex e-con e-child\" data-id=\"957ba16\" data-element_type=\"container\" data-e-type=\"container\">\n\t\t\t\t<div class=\"elementor-element elementor-element-d296914 elementor-position-top elementor-widget elementor-widget-image-box\" data-id=\"d296914\" data-element_type=\"widget\" data-e-type=\"widget\" data-widget_type=\"image-box.default\">\n\t\t\t\t<div class=\"elementor-widget-container\">\n\t\t\t\t\t<div class=\"elementor-image-box-wrapper\"><figure class=\"elementor-image-box-img\"><img loading=\"lazy\" decoding=\"async\" width=\"500\" height=\"500\" src=\"https:\/\/dknopartners.com\/wp-content\/uploads\/2025\/01\/Logent.jpg\" class=\"attachment-full size-full wp-image-4990\" alt=\"\" srcset=\"https:\/\/dknopartners.com\/wp-content\/uploads\/2025\/01\/Logent-150x150.jpg 150w, https:\/\/dknopartners.com\/wp-content\/uploads\/2025\/01\/Logent-300x300.jpg 300w, https:\/\/dknopartners.com\/wp-content\/uploads\/2025\/01\/Logent.jpg 500w\" sizes=\"(max-width: 500px) 100vw, 500px\" \/><\/figure><div class=\"elementor-image-box-content\"><h3 class=\"elementor-image-box-title\">Logent<\/h3><\/div><\/div>\t\t\t\t<\/div>\n\t\t\t\t<\/div>\n\t\t\t\t<\/div>\n\t\t<div class=\"elementor-element elementor-element-14ae102 e-con-full e-flex e-con e-child\" data-id=\"14ae102\" data-element_type=\"container\" data-e-type=\"container\">\n\t\t\t\t<div class=\"elementor-element elementor-element-2d13994 elementor-position-top elementor-widget elementor-widget-image-box\" data-id=\"2d13994\" data-element_type=\"widget\" data-e-type=\"widget\" data-widget_type=\"image-box.default\">\n\t\t\t\t<div class=\"elementor-widget-container\">\n\t\t\t\t\t<div class=\"elementor-image-box-wrapper\"><figure class=\"elementor-image-box-img\"><img loading=\"lazy\" decoding=\"async\" width=\"500\" height=\"500\" src=\"https:\/\/dknopartners.com\/wp-content\/uploads\/2025\/01\/TigerMedia.jpg\" class=\"attachment-full size-full wp-image-4992\" alt=\"\" srcset=\"https:\/\/dknopartners.com\/wp-content\/uploads\/2025\/01\/TigerMedia-150x150.jpg 150w, https:\/\/dknopartners.com\/wp-content\/uploads\/2025\/01\/TigerMedia-300x300.jpg 300w, https:\/\/dknopartners.com\/wp-content\/uploads\/2025\/01\/TigerMedia.jpg 500w\" sizes=\"(max-width: 500px) 100vw, 500px\" \/><\/figure><div class=\"elementor-image-box-content\"><h3 class=\"elementor-image-box-title\">Tiger Media<\/h3><\/div><\/div>\t\t\t\t<\/div>\n\t\t\t\t<\/div>\n\t\t\t\t<\/div>\n\t\t\t\t\t<\/div>\n\t\t\t\t<\/div>\n\t\t<div class=\"elementor-element elementor-element-a515526 e-flex e-con-boxed e-con e-parent\" data-id=\"a515526\" data-element_type=\"container\" data-e-type=\"container\">\n\t\t\t\t\t<div class=\"e-con-inner\">\n\t\t<div class=\"elementor-element elementor-element-d612720 e-con-full e-flex e-con e-child\" data-id=\"d612720\" data-element_type=\"container\" data-e-type=\"container\">\n\t\t\t\t<div class=\"elementor-element elementor-element-6ef0dfe elementor-position-top elementor-widget elementor-widget-image-box\" data-id=\"6ef0dfe\" data-element_type=\"widget\" data-e-type=\"widget\" data-widget_type=\"image-box.default\">\n\t\t\t\t<div class=\"elementor-widget-container\">\n\t\t\t\t\t<div class=\"elementor-image-box-wrapper\"><figure class=\"elementor-image-box-img\"><img loading=\"lazy\" decoding=\"async\" width=\"500\" height=\"500\" src=\"https:\/\/dknopartners.com\/wp-content\/uploads\/2025\/01\/Growbix.jpg\" class=\"attachment-full size-full wp-image-4988\" alt=\"\" srcset=\"https:\/\/dknopartners.com\/wp-content\/uploads\/2025\/01\/Growbix-150x150.jpg 150w, https:\/\/dknopartners.com\/wp-content\/uploads\/2025\/01\/Growbix-300x300.jpg 300w, https:\/\/dknopartners.com\/wp-content\/uploads\/2025\/01\/Growbix.jpg 500w\" sizes=\"(max-width: 500px) 100vw, 500px\" \/><\/figure><div class=\"elementor-image-box-content\"><h3 class=\"elementor-image-box-title\">Growbix<\/h3><\/div><\/div>\t\t\t\t<\/div>\n\t\t\t\t<\/div>\n\t\t\t\t<\/div>\n\t\t<div class=\"elementor-element elementor-element-f4afd09 e-con-full e-flex e-con e-child\" data-id=\"f4afd09\" data-element_type=\"container\" data-e-type=\"container\">\n\t\t\t\t<div class=\"elementor-element elementor-element-4a9905a elementor-position-top elementor-widget elementor-widget-image-box\" data-id=\"4a9905a\" data-element_type=\"widget\" data-e-type=\"widget\" data-widget_type=\"image-box.default\">\n\t\t\t\t<div class=\"elementor-widget-container\">\n\t\t\t\t\t<div class=\"elementor-image-box-wrapper\"><figure class=\"elementor-image-box-img\"><img loading=\"lazy\" decoding=\"async\" width=\"500\" height=\"500\" src=\"https:\/\/dknopartners.com\/wp-content\/uploads\/2025\/01\/ErhvervshusNordjylland.jpg\" class=\"attachment-full size-full wp-image-4987\" alt=\"\" srcset=\"https:\/\/dknopartners.com\/wp-content\/uploads\/2025\/01\/ErhvervshusNordjylland-150x150.jpg 150w, https:\/\/dknopartners.com\/wp-content\/uploads\/2025\/01\/ErhvervshusNordjylland-300x300.jpg 300w, https:\/\/dknopartners.com\/wp-content\/uploads\/2025\/01\/ErhvervshusNordjylland.jpg 500w\" sizes=\"(max-width: 500px) 100vw, 500px\" \/><\/figure><div class=\"elementor-image-box-content\"><h3 class=\"elementor-image-box-title\">Erhvervshus Nordjylland<\/h3><\/div><\/div>\t\t\t\t<\/div>\n\t\t\t\t<\/div>\n\t\t\t\t<\/div>\n\t\t<div class=\"elementor-element elementor-element-62d61fb e-con-full e-flex e-con e-child\" data-id=\"62d61fb\" data-element_type=\"container\" data-e-type=\"container\">\n\t\t\t\t<div class=\"elementor-element elementor-element-fac5300 elementor-position-top elementor-widget elementor-widget-image-box\" data-id=\"fac5300\" data-element_type=\"widget\" data-e-type=\"widget\" data-widget_type=\"image-box.default\">\n\t\t\t\t<div class=\"elementor-widget-container\">\n\t\t\t\t\t<div class=\"elementor-image-box-wrapper\"><figure class=\"elementor-image-box-img\"><img loading=\"lazy\" decoding=\"async\" width=\"500\" height=\"500\" src=\"https:\/\/dknopartners.com\/wp-content\/uploads\/2025\/01\/BusinessHjoerring.jpg\" class=\"attachment-full size-full wp-image-5674\" alt=\"\" srcset=\"https:\/\/dknopartners.com\/wp-content\/uploads\/2025\/01\/BusinessHjoerring-150x150.jpg 150w, https:\/\/dknopartners.com\/wp-content\/uploads\/2025\/01\/BusinessHjoerring-300x300.jpg 300w, https:\/\/dknopartners.com\/wp-content\/uploads\/2025\/01\/BusinessHjoerring.jpg 500w\" sizes=\"(max-width: 500px) 100vw, 500px\" \/><\/figure><div class=\"elementor-image-box-content\"><h3 class=\"elementor-image-box-title\">Business Hj\u00f8rring<\/h3><\/div><\/div>\t\t\t\t<\/div>\n\t\t\t\t<\/div>\n\t\t\t\t<\/div>\n\t\t<div class=\"elementor-element elementor-element-ee426d7 e-con-full e-flex e-con e-child\" data-id=\"ee426d7\" data-element_type=\"container\" data-e-type=\"container\">\n\t\t\t\t<div class=\"elementor-element elementor-element-67a8e64 elementor-position-top elementor-widget elementor-widget-image-box\" data-id=\"67a8e64\" data-element_type=\"widget\" data-e-type=\"widget\" data-widget_type=\"image-box.default\">\n\t\t\t\t<div class=\"elementor-widget-container\">\n\t\t\t\t\t<div class=\"elementor-image-box-wrapper\"><figure class=\"elementor-image-box-img\"><img loading=\"lazy\" decoding=\"async\" width=\"500\" height=\"500\" src=\"https:\/\/dknopartners.com\/wp-content\/uploads\/2025\/01\/BOKas.jpg\" class=\"attachment-full size-full wp-image-5673\" alt=\"\" srcset=\"https:\/\/dknopartners.com\/wp-content\/uploads\/2025\/01\/BOKas-150x150.jpg 150w, https:\/\/dknopartners.com\/wp-content\/uploads\/2025\/01\/BOKas-300x300.jpg 300w, https:\/\/dknopartners.com\/wp-content\/uploads\/2025\/01\/BOKas.jpg 500w\" sizes=\"(max-width: 500px) 100vw, 500px\" \/><\/figure><div class=\"elementor-image-box-content\"><h3 class=\"elementor-image-box-title\">BOK A\/S<\/h3><\/div><\/div>\t\t\t\t<\/div>\n\t\t\t\t<\/div>\n\t\t\t\t<\/div>\n\t\t\t\t\t<\/div>\n\t\t\t\t<\/div>\n\t\t\t\t<\/div>","protected":false},"excerpt":{"rendered":"<p>Partnere Kontakt os i dag, og bliv en del af vores professionelle netv\u00e6rk Kontakt os Effektive l\u00f8sninger gennem st\u00e6rke samarbejdspartnere AllPack ApS er et lagerhotel, der tilbyder skr\u00e6ddersyede l\u00f8sninger til webshops og virksomheder med behov for pluk og pak samt forsendelse af varer \u2013 b\u00e5de i Danmark og internationalt. Vores services henvender sig til b\u00e5de [&hellip;]<\/p>\n","protected":false},"author":1,"featured_media":0,"parent":0,"menu_order":0,"comment_status":"closed","ping_status":"closed","template":"","meta":{"footnotes":""},"class_list":["post-4962","page","type-page","status-publish","hentry"],"_links":{"self":[{"href":"https:\/\/dknopartners.com\/nb\/wp-json\/wp\/v2\/pages\/4962","targetHints":{"allow":["GET"]}}],"collection":[{"href":"https:\/\/dknopartners.com\/nb\/wp-json\/wp\/v2\/pages"}],"about":[{"href":"https:\/\/dknopartners.com\/nb\/wp-json\/wp\/v2\/types\/page"}],"author":[{"embeddable":true,"href":"https:\/\/dknopartners.com\/nb\/wp-json\/wp\/v2\/users\/1"}],"replies":[{"embeddable":true,"href":"https:\/\/dknopartners.com\/nb\/wp-json\/wp\/v2\/comments?post=4962"}],"version-history":[{"count":38,"href":"https:\/\/dknopartners.com\/nb\/wp-json\/wp\/v2\/pages\/4962\/revisions"}],"predecessor-version":[{"id":5745,"href":"https:\/\/dknopartners.com\/nb\/wp-json\/wp\/v2\/pages\/4962\/revisions\/5745"}],"wp:attachment":[{"href":"https:\/\/dknopartners.com\/nb\/wp-json\/wp\/v2\/media?parent=4962"}],"curies":[{"name":"wp","href":"https:\/\/api.w.org\/{rel}","templated":true}]}}