{"id":6137,"date":"2025-03-07T08:51:52","date_gmt":"2025-03-07T07:51:52","guid":{"rendered":"https:\/\/dknopartners.com\/?page_id=6137"},"modified":"2025-03-07T08:52:40","modified_gmt":"2025-03-07T07:52:40","slug":"nyhedsmail","status":"publish","type":"page","link":"https:\/\/dknopartners.com\/nb\/nyhedsmail\/","title":{"rendered":"Nyhetsbrev via e-post"},"content":{"rendered":"<div data-elementor-type=\"wp-post\" data-elementor-id=\"6137\" class=\"elementor elementor-6137\">\n\t\t\t\t<div class=\"elementor-element elementor-element-7246cee e-con-full e-flex e-con e-parent\" data-id=\"7246cee\" data-element_type=\"container\" data-e-type=\"container\" data-settings=\"{&quot;background_background&quot;:&quot;classic&quot;}\">\n\t\t<div class=\"elementor-element elementor-element-cbb447f e-con-full e-flex e-con e-child\" data-id=\"cbb447f\" data-element_type=\"container\" data-e-type=\"container\" data-settings=\"{&quot;background_background&quot;:&quot;classic&quot;}\">\n\t\t\t\t<div class=\"elementor-element elementor-element-35a5cf1 elementor-widget elementor-widget-heading\" data-id=\"35a5cf1\" data-element_type=\"widget\" data-e-type=\"widget\" data-widget_type=\"heading.default\">\n\t\t\t\t<div class=\"elementor-widget-container\">\n\t\t\t\t\t<h1 class=\"elementor-heading-title elementor-size-default\">Nyhetsbrev via e-post<\/h1>\t\t\t\t<\/div>\n\t\t\t\t<\/div>\n\t\t\t\t<div class=\"elementor-element elementor-element-c094887 elementor-widget__width-initial elementor-widget-mobile__width-initial elementor-widget elementor-widget-text-editor\" data-id=\"c094887\" data-element_type=\"widget\" data-e-type=\"widget\" data-widget_type=\"text-editor.default\">\n\t\t\t\t<div class=\"elementor-widget-container\">\n\t\t\t\t\t\t\t\t\t<div class=\"flex-shrink-0 flex flex-col relative items-end\"><div class=\"pt-0\"><div class=\"gizmo-bot-avatar flex h-8 w-8 items-center justify-center overflow-hidden rounded-full\"><div class=\"relative p-1 rounded-sm flex items-center justify-center bg-token-main-surface-primary text-token-text-primary h-8 w-8\"><div class=\"fusion-text fusion-text-1\"><p>Meld deg p\u00e5 nyhetsbrevet v\u00e5rt og f\u00e5 direkte tilgang til unike annonseringsmuligheter, markedsanalyser og strategiske r\u00e5d for \u00e5 styrke din virksomhet i Norge.<\/p><\/div><\/div><\/div><\/div><\/div>\t\t\t\t\t\t\t\t<\/div>\n\t\t\t\t<\/div>\n\t\t\t\t<\/div>\n\t\t<div class=\"elementor-element elementor-element-7292805 e-con-full e-flex e-con e-child\" data-id=\"7292805\" data-element_type=\"container\" data-e-type=\"container\">\n\t\t\t\t<\/div>\n\t\t\t\t<\/div>\n\t\t<div class=\"elementor-element elementor-element-67c4268 e-flex e-con-boxed e-con e-parent\" data-id=\"67c4268\" data-element_type=\"container\" data-e-type=\"container\" data-settings=\"{&quot;background_background&quot;:&quot;classic&quot;}\">\n\t\t\t\t\t<div class=\"e-con-inner\">\n\t\t\t\t<div class=\"elementor-element elementor-element-50d83a5 elementor-widget elementor-widget-shortcode\" data-id=\"50d83a5\" data-element_type=\"widget\" data-e-type=\"widget\" data-widget_type=\"shortcode.default\">\n\t\t\t\t<div class=\"elementor-widget-container\">\n\t\t\t\t\t\t\t<div class=\"elementor-shortcode\"><div class=\"klaviyo-form-WwqsRL\"><\/div><\/div>\n\t\t\t\t\t\t<\/div>\n\t\t\t\t<\/div>\n\t\t\t\t\t<\/div>\n\t\t\t\t<\/div>\n\t\t\t\t<\/div>","protected":false},"excerpt":{"rendered":"<p>Nyhedsmail Tilmeld dig vores nyhedsbrev og f\u00e5 direkte adgang til unikke annonce-muligheder, markedsanalyser og strategiske r\u00e5d til at styrke din forretning i Norge.<\/p>","protected":false},"author":1,"featured_media":0,"parent":0,"menu_order":0,"comment_status":"closed","ping_status":"closed","template":"","meta":{"footnotes":""},"class_list":["post-6137","page","type-page","status-publish","hentry"],"_links":{"self":[{"href":"https:\/\/dknopartners.com\/nb\/wp-json\/wp\/v2\/pages\/6137","targetHints":{"allow":["GET"]}}],"collection":[{"href":"https:\/\/dknopartners.com\/nb\/wp-json\/wp\/v2\/pages"}],"about":[{"href":"https:\/\/dknopartners.com\/nb\/wp-json\/wp\/v2\/types\/page"}],"author":[{"embeddable":true,"href":"https:\/\/dknopartners.com\/nb\/wp-json\/wp\/v2\/users\/1"}],"replies":[{"embeddable":true,"href":"https:\/\/dknopartners.com\/nb\/wp-json\/wp\/v2\/comments?post=6137"}],"version-history":[{"count":8,"href":"https:\/\/dknopartners.com\/nb\/wp-json\/wp\/v2\/pages\/6137\/revisions"}],"predecessor-version":[{"id":6145,"href":"https:\/\/dknopartners.com\/nb\/wp-json\/wp\/v2\/pages\/6137\/revisions\/6145"}],"wp:attachment":[{"href":"https:\/\/dknopartners.com\/nb\/wp-json\/wp\/v2\/media?parent=6137"}],"curies":[{"name":"wp","href":"https:\/\/api.w.org\/{rel}","templated":true}]}}