{"id":6146,"date":"2025-03-11T10:02:02","date_gmt":"2025-03-11T09:02:02","guid":{"rendered":"https:\/\/dknopartners.com\/?page_id=6146"},"modified":"2025-03-17T08:48:34","modified_gmt":"2025-03-17T07:48:34","slug":"podcast","status":"publish","type":"page","link":"https:\/\/dknopartners.com\/nb\/podcast\/","title":{"rendered":"Podkast"},"content":{"rendered":"<div data-elementor-type=\"wp-post\" data-elementor-id=\"6146\" class=\"elementor elementor-6146\">\n\t\t\t\t<div class=\"elementor-element elementor-element-bd833a7 e-flex e-con-boxed e-con e-parent\" data-id=\"bd833a7\" data-element_type=\"container\" data-e-type=\"container\">\n\t\t\t\t\t<div class=\"e-con-inner\">\n\t\t\t\t<div class=\"elementor-element elementor-element-3432e6c elementor-widget elementor-widget-heading\" data-id=\"3432e6c\" data-element_type=\"widget\" data-e-type=\"widget\" data-widget_type=\"heading.default\">\n\t\t\t\t<div class=\"elementor-widget-container\">\n\t\t\t\t\t<h1 class=\"elementor-heading-title elementor-size-default\">Podkast<\/h1>\t\t\t\t<\/div>\n\t\t\t\t<\/div>\n\t\t\t\t<div class=\"elementor-element elementor-element-555294f elementor-widget elementor-widget-text-editor\" data-id=\"555294f\" data-element_type=\"widget\" data-e-type=\"widget\" data-widget_type=\"text-editor.default\">\n\t\t\t\t<div class=\"elementor-widget-container\">\n\t\t\t\t\t\t\t\t\t<p>Det kan v\u00e6re uoversiktlig \u00e5 komme inn p\u00e5 det norske markedet, og det er mange ting du trenger \u00e5 vite. Derfor har vi samlet mye god kunnskap og publiserer hver uke en ny podkast om hvordan du kommer deg inn p\u00e5 det norske markedet.<\/p>\n<p>H\u00f8r her:<\/p>\t\t\t\t\t\t\t\t<\/div>\n\t\t\t\t<\/div>\n\t\t\t\t\t<\/div>\n\t\t\t\t<\/div>\n\t\t<div class=\"elementor-element elementor-element-068533e e-flex e-con-boxed e-con e-parent\" data-id=\"068533e\" data-element_type=\"container\" data-e-type=\"container\">\n\t\t\t\t\t<div class=\"e-con-inner\">\n\t\t<div class=\"elementor-element elementor-element-8970fc8 e-con-full e-flex e-con e-child\" data-id=\"8970fc8\" data-element_type=\"container\" data-e-type=\"container\">\n\t\t\t\t<div class=\"elementor-element elementor-element-37fe3a4 elementor-widget elementor-widget-video\" data-id=\"37fe3a4\" data-element_type=\"widget\" data-e-type=\"widget\" data-settings=\"{&quot;youtube_url&quot;:&quot;https:\\\/\\\/youtu.be\\\/hk1d0oGNFIY&quot;,&quot;lazy_load&quot;:&quot;yes&quot;,&quot;show_image_overlay&quot;:&quot;yes&quot;,&quot;image_overlay&quot;:{&quot;url&quot;:&quot;https:\\\/\\\/dknopartners.com\\\/wp-content\\\/uploads\\\/2025\\\/03\\\/Podcast_VejenTilDetNorskeMarked_Episode1_NorskDomaene_Thumbnail.jpg&quot;,&quot;id&quot;:6227,&quot;size&quot;:&quot;&quot;,&quot;alt&quot;:&quot;&quot;,&quot;source&quot;:&quot;library&quot;},&quot;video_type&quot;:&quot;youtube&quot;,&quot;controls&quot;:&quot;yes&quot;}\" data-widget_type=\"video.default\">\n\t\t\t\t<div class=\"elementor-widget-container\">\n\t\t\t\t\t\t\t<div class=\"elementor-wrapper elementor-open-inline\">\n\t\t\t<div class=\"elementor-video\"><\/div>\t\t\t\t<div class=\"elementor-custom-embed-image-overlay\" style=\"background-image: url(https:\/\/dknopartners.com\/wp-content\/uploads\/2025\/03\/Podcast_VejenTilDetNorskeMarked_Episode1_NorskDomaene_Thumbnail.jpg);\">\n\t\t\t\t\t\t\t\t\t\t\t\t\t\t\t\t<div class=\"elementor-custom-embed-play\" role=\"button\" aria-label=\"Spill av video\" tabindex=\"0\">\n\t\t\t\t\t\t\t<svg aria-hidden=\"true\" class=\"e-font-icon-svg e-eicon-play\" viewbox=\"0 0 1000 1000\" xmlns=\"http:\/\/www.w3.org\/2000\/svg\"><path d=\"M838 162C746 71 633 25 500 25 371 25 258 71 163 162 71 254 25 367 25 500 25 633 71 746 163 837 254 929 367 979 500 979 633 979 746 933 838 837 929 746 975 633 975 500 975 367 929 254 838 162M808 192C892 279 933 379 933 500 933 621 892 725 808 808 725 892 621 938 500 938 379 938 279 896 196 808 113 725 67 621 67 500 67 379 108 279 196 192 279 108 383 62 500 62 621 62 721 108 808 192M438 392V642L642 517 438 392Z\"><\/path><\/svg>\t\t\t\t\t\t<\/div>\n\t\t\t\t\t\t\t\t\t<\/div>\n\t\t\t\t\t<\/div>\n\t\t\t\t\t\t<\/div>\n\t\t\t\t<\/div>\n\t\t\t\t<div class=\"elementor-element elementor-element-7de832b elementor-widget elementor-widget-heading\" data-id=\"7de832b\" data-element_type=\"widget\" data-e-type=\"widget\" data-widget_type=\"heading.default\">\n\t\t\t\t<div class=\"elementor-widget-container\">\n\t\t\t\t\t<h2 class=\"elementor-heading-title elementor-size-default\">Kundecase<\/h2>\t\t\t\t<\/div>\n\t\t\t\t<\/div>\n\t\t\t\t<div class=\"elementor-element elementor-element-db9f557 elementor-widget elementor-widget-text-editor\" data-id=\"db9f557\" data-element_type=\"widget\" data-e-type=\"widget\" data-widget_type=\"text-editor.default\">\n\t\t\t\t<div class=\"elementor-widget-container\">\n\t\t\t\t\t\t\t\t\t<p>Christian fra Comforth Scandinavia sto overfor en utfordring da de \u00f8nsket \u00e5 ekspandere til Norge - de trengte et norsk domene, men hadde ikke et norsk organisasjonsnummer p\u00e5 det tidspunktet. For \u00e5 sikre deres tilstedev\u00e6relse p\u00e5 nettet kj\u00f8pte vi et .no-domene p\u00e5 deres vegne og overf\u00f8rte deretter rettighetene til dem. Dette ga Komfort Skandinavien en sterkere posisjon i det norske markedet med \u00f8kt troverdighet og bedre synlighet p\u00e5 nettet.<\/p>\t\t\t\t\t\t\t\t<\/div>\n\t\t\t\t<\/div>\n\t\t\t\t<\/div>\n\t\t<div class=\"elementor-element elementor-element-5c7a9fa e-con-full e-flex e-con e-child\" data-id=\"5c7a9fa\" data-element_type=\"container\" data-e-type=\"container\">\n\t\t<div class=\"elementor-element elementor-element-dbf2fe1 e-con-full e-flex e-con e-child\" data-id=\"dbf2fe1\" data-element_type=\"container\" data-e-type=\"container\">\n\t\t\t\t<div class=\"elementor-element elementor-element-f7cbc1c elementor-widget elementor-widget-heading\" data-id=\"f7cbc1c\" data-element_type=\"widget\" data-e-type=\"widget\" data-widget_type=\"heading.default\">\n\t\t\t\t<div class=\"elementor-widget-container\">\n\t\t\t\t\t<h2 class=\"elementor-heading-title elementor-size-default\">Denne ukens podkast: Norsk domene<\/h2>\t\t\t\t<\/div>\n\t\t\t\t<\/div>\n\t\t\t\t<\/div>\n\t\t<div class=\"elementor-element elementor-element-1b5c4f3 e-con-full e-flex e-con e-child\" data-id=\"1b5c4f3\" data-element_type=\"container\" data-e-type=\"container\">\n\t\t\t\t<div class=\"elementor-element elementor-element-c3f16aa elementor-widget elementor-widget-text-editor\" data-id=\"c3f16aa\" data-element_type=\"widget\" data-e-type=\"widget\" data-widget_type=\"text-editor.default\">\n\t\t\t\t<div class=\"elementor-widget-container\">\n\t\t\t\t\t\t\t\t\t<p>Et norsk domene (.no) kan v\u00e6re en strategisk fordel for bedrifter som \u00f8nsker \u00e5 etablere seg i Norge. Det signaliserer lokal tilstedev\u00e6relse, \u00f8ker kundenes tillit og forbedrer synligheten p\u00e5 Google.no. Norske forbrukere foretrekker ofte virksomheter med en tydelig tilknytning til Norge, noe som kan f\u00f8re til h\u00f8yere konverteringsrater. I tillegg beskytter et .no-domene merkevaren din mot misbruk. Registrering av et norsk domene krever et norsk selskap, men det er mulig \u00e5 f\u00e5 hjelp gjennom en lokal partner. I denne episoden g\u00e5r vi gjennom fordelene og prosessen med \u00e5 sikre din tilstedev\u00e6relse p\u00e5 nett i Norge.<\/p>\t\t\t\t\t\t\t\t<\/div>\n\t\t\t\t<\/div>\n\t\t\t\t<div class=\"elementor-element elementor-element-732cb7e elementor-widget elementor-widget-image\" data-id=\"732cb7e\" data-element_type=\"widget\" data-e-type=\"widget\" data-widget_type=\"image.default\">\n\t\t\t\t<div class=\"elementor-widget-container\">\n\t\t\t\t\t\t\t\t\t\t\t\t\t\t\t<img fetchpriority=\"high\" decoding=\"async\" width=\"300\" height=\"300\" src=\"https:\/\/dknopartners.com\/wp-content\/uploads\/2025\/03\/ComforthScandinavia-300x300.jpg\" class=\"attachment-medium size-medium wp-image-6199\" alt=\"\" srcset=\"https:\/\/dknopartners.com\/wp-content\/uploads\/2025\/03\/ComforthScandinavia-150x150.jpg 150w, https:\/\/dknopartners.com\/wp-content\/uploads\/2025\/03\/ComforthScandinavia-300x300.jpg 300w, https:\/\/dknopartners.com\/wp-content\/uploads\/2025\/03\/ComforthScandinavia.jpg 500w\" sizes=\"(max-width: 300px) 100vw, 300px\" \/>\t\t\t\t\t\t\t\t\t\t\t\t\t\t\t<\/div>\n\t\t\t\t<\/div>\n\t\t\t\t<\/div>\n\t\t\t\t<\/div>\n\t\t\t\t\t<\/div>\n\t\t\t\t<\/div>\n\t\t<div class=\"elementor-element elementor-element-4ef2f07 e-flex e-con-boxed e-con e-parent\" data-id=\"4ef2f07\" data-element_type=\"container\" data-e-type=\"container\">\n\t\t\t\t\t<div class=\"e-con-inner\">\n\t\t\t\t<div class=\"elementor-element elementor-element-e366b42 elementor-widget elementor-widget-heading\" data-id=\"e366b42\" data-element_type=\"widget\" data-e-type=\"widget\" data-widget_type=\"heading.default\">\n\t\t\t\t<div class=\"elementor-widget-container\">\n\t\t\t\t\t<h2 class=\"elementor-heading-title elementor-size-default\">Podkastene v\u00e5re<\/h2>\t\t\t\t<\/div>\n\t\t\t\t<\/div>\n\t\t\t\t\t<\/div>\n\t\t\t\t<\/div>\n\t\t<div class=\"elementor-element elementor-element-2f6806e e-flex e-con-boxed e-con e-parent\" data-id=\"2f6806e\" data-element_type=\"container\" data-e-type=\"container\">\n\t\t\t\t\t<div class=\"e-con-inner\">\n\t\t<div class=\"elementor-element elementor-element-db0655f e-con-full e-flex e-con e-child\" data-id=\"db0655f\" data-element_type=\"container\" data-e-type=\"container\">\n\t\t\t\t<div class=\"elementor-element elementor-element-dc760d5 elementor-widget elementor-widget-heading\" data-id=\"dc760d5\" data-element_type=\"widget\" data-e-type=\"widget\" data-widget_type=\"heading.default\">\n\t\t\t\t<div class=\"elementor-widget-container\">\n\t\t\t\t\t<h3 class=\"elementor-heading-title elementor-size-default\">Veien til det norske markedet Episode 1: Norsk domene | Podcast<\/h3>\t\t\t\t<\/div>\n\t\t\t\t<\/div>\n\t\t\t\t<div class=\"elementor-element elementor-element-99116f0 elementor-widget elementor-widget-video\" data-id=\"99116f0\" data-element_type=\"widget\" data-e-type=\"widget\" data-settings=\"{&quot;youtube_url&quot;:&quot;https:\\\/\\\/youtu.be\\\/hk1d0oGNFIY&quot;,&quot;lazy_load&quot;:&quot;yes&quot;,&quot;show_image_overlay&quot;:&quot;yes&quot;,&quot;image_overlay&quot;:{&quot;url&quot;:&quot;https:\\\/\\\/dknopartners.com\\\/wp-content\\\/uploads\\\/2025\\\/03\\\/Podcast_VejenTilDetNorskeMarked_Episode1_NorskDomaene_Thumbnail.jpg&quot;,&quot;id&quot;:6227,&quot;size&quot;:&quot;&quot;,&quot;alt&quot;:&quot;&quot;,&quot;source&quot;:&quot;library&quot;},&quot;video_type&quot;:&quot;youtube&quot;,&quot;controls&quot;:&quot;yes&quot;}\" data-widget_type=\"video.default\">\n\t\t\t\t<div class=\"elementor-widget-container\">\n\t\t\t\t\t\t\t<div class=\"elementor-wrapper elementor-open-inline\">\n\t\t\t<div class=\"elementor-video\"><\/div>\t\t\t\t<div class=\"elementor-custom-embed-image-overlay\" style=\"background-image: url(https:\/\/dknopartners.com\/wp-content\/uploads\/2025\/03\/Podcast_VejenTilDetNorskeMarked_Episode1_NorskDomaene_Thumbnail.jpg);\">\n\t\t\t\t\t\t\t\t\t\t\t\t\t\t\t\t<div class=\"elementor-custom-embed-play\" role=\"button\" aria-label=\"Spill av video\" tabindex=\"0\">\n\t\t\t\t\t\t\t<svg aria-hidden=\"true\" class=\"e-font-icon-svg e-eicon-play\" viewbox=\"0 0 1000 1000\" xmlns=\"http:\/\/www.w3.org\/2000\/svg\"><path d=\"M838 162C746 71 633 25 500 25 371 25 258 71 163 162 71 254 25 367 25 500 25 633 71 746 163 837 254 929 367 979 500 979 633 979 746 933 838 837 929 746 975 633 975 500 975 367 929 254 838 162M808 192C892 279 933 379 933 500 933 621 892 725 808 808 725 892 621 938 500 938 379 938 279 896 196 808 113 725 67 621 67 500 67 379 108 279 196 192 279 108 383 62 500 62 621 62 721 108 808 192M438 392V642L642 517 438 392Z\"><\/path><\/svg>\t\t\t\t\t\t<\/div>\n\t\t\t\t\t\t\t\t\t<\/div>\n\t\t\t\t\t<\/div>\n\t\t\t\t\t\t<\/div>\n\t\t\t\t<\/div>\n\t\t\t\t<div class=\"elementor-element elementor-element-efaf867 elementor-widget elementor-widget-n-accordion\" data-id=\"efaf867\" data-element_type=\"widget\" data-e-type=\"widget\" data-settings=\"{&quot;default_state&quot;:&quot;all_collapsed&quot;,&quot;max_items_expended&quot;:&quot;one&quot;,&quot;n_accordion_animation_duration&quot;:{&quot;unit&quot;:&quot;ms&quot;,&quot;size&quot;:400,&quot;sizes&quot;:[]}}\" data-widget_type=\"nested-accordion.default\">\n\t\t\t\t<div class=\"elementor-widget-container\">\n\t\t\t\t\t\t\t<div class=\"e-n-accordion\" aria-label=\"Trekkspill. \u00c5pne lenker med Enter eller Space, lukk med Escape, og naviger med piltastene\">\n\t\t\t\t\t\t<details id=\"e-n-accordion-item-2510\" class=\"e-n-accordion-item\" >\n\t\t\t\t<summary class=\"e-n-accordion-item-title\" data-accordion-index=\"1\" tabindex=\"0\" aria-expanded=\"false\" aria-controls=\"e-n-accordion-item-2510\" >\n\t\t\t\t\t<span class='e-n-accordion-item-title-header'><div class=\"e-n-accordion-item-title-text\"> Kundecase <\/div><\/span>\n\t\t\t\t\t\t\t<span class='e-n-accordion-item-title-icon'>\n\t\t\t<span class='e-opened' ><svg aria-hidden=\"true\" class=\"e-font-icon-svg e-fas-minus\" viewbox=\"0 0 448 512\" xmlns=\"http:\/\/www.w3.org\/2000\/svg\"><path d=\"M416 208H32c-17.67 0-32 14.33-32 32v32c0 17.67 14.33 32 32 32h384c17.67 0 32-14.33 32-32v-32c0-17.67-14.33-32-32-32z\"><\/path><\/svg><\/span>\n\t\t\t<span class='e-closed'><svg aria-hidden=\"true\" class=\"e-font-icon-svg e-fas-plus\" viewbox=\"0 0 448 512\" xmlns=\"http:\/\/www.w3.org\/2000\/svg\"><path d=\"M416 208H272V64c0-17.67-14.33-32-32-32h-32c-17.67 0-32 14.33-32 32v144H32c-17.67 0-32 14.33-32 32v32c0 17.67 14.33 32 32 32h144v144c0 17.67 14.33 32 32 32h32c17.67 0 32-14.33 32-32V304h144c17.67 0 32-14.33 32-32v-32c0-17.67-14.33-32-32-32z\"><\/path><\/svg><\/span>\n\t\t<\/span>\n\n\t\t\t\t\t\t<\/summary>\n\t\t\t\t<div role=\"region\" aria-labelledby=\"e-n-accordion-item-2510\" class=\"elementor-element elementor-element-60a77f6 e-con-full e-flex e-con e-child\" data-id=\"60a77f6\" data-element_type=\"container\" data-e-type=\"container\">\n\t\t\t\t<div class=\"elementor-element elementor-element-580f684 elementor-widget elementor-widget-text-editor\" data-id=\"580f684\" data-element_type=\"widget\" data-e-type=\"widget\" data-widget_type=\"text-editor.default\">\n\t\t\t\t<div class=\"elementor-widget-container\">\n\t\t\t\t\t\t\t\t\t<p>Christian fra Comforth Scandinavia sto overfor en utfordring da de \u00f8nsket \u00e5 ekspandere til Norge - de trengte et norsk domene, men hadde ikke et norsk organisasjonsnummer p\u00e5 det tidspunktet. For \u00e5 sikre deres tilstedev\u00e6relse p\u00e5 nettet kj\u00f8pte vi et .no-domene p\u00e5 deres vegne og overf\u00f8rte deretter rettighetene til dem. Dette ga Komfort Skandinavien en sterkere posisjon i det norske markedet med \u00f8kt troverdighet og bedre synlighet p\u00e5 nettet.<\/p>\t\t\t\t\t\t\t\t<\/div>\n\t\t\t\t<\/div>\n\t\t\t\t<\/div>\n\t\t\t\t\t<\/details>\n\t\t\t\t\t<\/div>\n\t\t\t\t\t\t<\/div>\n\t\t\t\t<\/div>\n\t\t\t\t<\/div>\n\t\t<div class=\"elementor-element elementor-element-21f6dda e-con-full e-flex e-con e-child\" data-id=\"21f6dda\" data-element_type=\"container\" data-e-type=\"container\">\n\t\t\t\t<\/div>\n\t\t<div class=\"elementor-element elementor-element-c9b2026 e-con-full e-flex e-con e-child\" data-id=\"c9b2026\" data-element_type=\"container\" data-e-type=\"container\">\n\t\t\t\t<\/div>\n\t\t\t\t\t<\/div>\n\t\t\t\t<\/div>\n\t\t\t\t<\/div>","protected":false},"excerpt":{"rendered":"<p>Podcast Vejen ind p\u00e5 det norske marked kan v\u00e6re forvirrende, og der er mange ting man skal have styr p\u00e5. Derfor har vi samlet en masse god viden, og udgiver hver uge et nyt podcast omkring vejen ind p\u00e5 det norske marked. Lyt med her: https:\/\/youtu.be\/hk1d0oGNFIY Kundecase Christian fra Comforth Scandinavia stod over for en [&hellip;]<\/p>\n","protected":false},"author":1,"featured_media":0,"parent":0,"menu_order":0,"comment_status":"closed","ping_status":"closed","template":"","meta":{"footnotes":""},"class_list":["post-6146","page","type-page","status-publish","hentry"],"_links":{"self":[{"href":"https:\/\/dknopartners.com\/nb\/wp-json\/wp\/v2\/pages\/6146","targetHints":{"allow":["GET"]}}],"collection":[{"href":"https:\/\/dknopartners.com\/nb\/wp-json\/wp\/v2\/pages"}],"about":[{"href":"https:\/\/dknopartners.com\/nb\/wp-json\/wp\/v2\/types\/page"}],"author":[{"embeddable":true,"href":"https:\/\/dknopartners.com\/nb\/wp-json\/wp\/v2\/users\/1"}],"replies":[{"embeddable":true,"href":"https:\/\/dknopartners.com\/nb\/wp-json\/wp\/v2\/comments?post=6146"}],"version-history":[{"count":35,"href":"https:\/\/dknopartners.com\/nb\/wp-json\/wp\/v2\/pages\/6146\/revisions"}],"predecessor-version":[{"id":6233,"href":"https:\/\/dknopartners.com\/nb\/wp-json\/wp\/v2\/pages\/6146\/revisions\/6233"}],"wp:attachment":[{"href":"https:\/\/dknopartners.com\/nb\/wp-json\/wp\/v2\/media?parent=6146"}],"curies":[{"name":"wp","href":"https:\/\/api.w.org\/{rel}","templated":true}]}}